{"id":49810,"date":"2019-07-02T15:41:55","date_gmt":"2019-07-02T15:41:55","guid":{"rendered":"http:\/\/seasidegolftours.se\/?page_id=49810"},"modified":"2026-03-25T13:39:51","modified_gmt":"2026-03-25T14:39:51","slug":"bokningsforfragan","status":"publish","type":"page","link":"https:\/\/seasidegolftours.se\/en\/bokningsforfragan\/","title":{"rendered":"Booking Enquiry"},"content":{"rendered":"\t\t<div data-elementor-type=\"wp-page\" data-elementor-id=\"49810\" class=\"elementor elementor-49810\" data-elementor-post-type=\"page\">\n\t\t\t\t\t\t<section class=\"elementor-section elementor-top-section elementor-element elementor-element-2e74bdb elementor-section-boxed elementor-section-height-default elementor-section-height-default\" data-id=\"2e74bdb\" data-element_type=\"section\" data-e-type=\"section\">\n\t\t\t\t\t\t\t<div class=\"elementor-background-overlay\"><\/div>\n\t\t\t\t\t\t\t<div class=\"elementor-container elementor-column-gap-default\">\n\t\t\t\t\t<div class=\"elementor-column elementor-col-100 elementor-top-column elementor-element elementor-element-121f493\" data-id=\"121f493\" data-element_type=\"column\" data-e-type=\"column\">\n\t\t\t<div class=\"elementor-widget-wrap elementor-element-populated\">\n\t\t\t\t\t\t<div class=\"elementor-element elementor-element-c84575b elementor-widget elementor-widget-heading\" data-id=\"c84575b\" data-element_type=\"widget\" data-e-type=\"widget\" data-widget_type=\"heading.default\">\n\t\t\t\t<div class=\"elementor-widget-container\">\n\t\t\t\t\t<h1 class=\"elementor-heading-title elementor-size-default\">BOKNINGSF\u00d6RFR\u00c5GAN<\/h1>\t\t\t\t<\/div>\n\t\t\t\t<\/div>\n\t\t\t\t\t<\/div>\n\t\t<\/div>\n\t\t\t\t\t<\/div>\n\t\t<\/section>\n\t\t\t\t<section class=\"elementor-section elementor-top-section elementor-element elementor-element-d9b517b elementor-section-boxed elementor-section-height-default elementor-section-height-default\" data-id=\"d9b517b\" data-element_type=\"section\" data-e-type=\"section\">\n\t\t\t\t\t\t<div class=\"elementor-container elementor-column-gap-default\">\n\t\t\t\t\t<div class=\"elementor-column elementor-col-100 elementor-top-column elementor-element elementor-element-533c18d\" data-id=\"533c18d\" data-element_type=\"column\" data-e-type=\"column\">\n\t\t\t<div class=\"elementor-widget-wrap elementor-element-populated\">\n\t\t\t\t\t\t<div class=\"elementor-element elementor-element-b3f37c7 elementor-widget elementor-widget-heading\" data-id=\"b3f37c7\" data-element_type=\"widget\" data-e-type=\"widget\" data-widget_type=\"heading.default\">\n\t\t\t\t<div class=\"elementor-widget-container\">\n\t\t\t\t\t<h2 class=\"elementor-heading-title elementor-size-default\">Fyll i v\u00e5rt bokningsformul\u00e4r f\u00f6r ett skr\u00e4ddarsytt paket<\/h2>\t\t\t\t<\/div>\n\t\t\t\t<\/div>\n\t\t\t\t\t<\/div>\n\t\t<\/div>\n\t\t\t\t\t<\/div>\n\t\t<\/section>\n\t\t\t\t<section class=\"elementor-section elementor-top-section elementor-element elementor-element-51c9c5b elementor-section-boxed elementor-section-height-default elementor-section-height-default\" data-id=\"51c9c5b\" data-element_type=\"section\" data-e-type=\"section\">\n\t\t\t\t\t\t<div class=\"elementor-container elementor-column-gap-default\">\n\t\t\t\t\t<div class=\"elementor-column elementor-col-100 elementor-top-column elementor-element elementor-element-3a4ed58\" data-id=\"3a4ed58\" data-element_type=\"column\" data-e-type=\"column\">\n\t\t\t<div class=\"elementor-widget-wrap elementor-element-populated\">\n\t\t\t\t\t\t<div class=\"elementor-element elementor-element-384b800 elementor-button-align-stretch elementor-widget elementor-widget-form\" data-id=\"384b800\" data-element_type=\"widget\" data-e-type=\"widget\" data-settings=\"{&quot;button_width&quot;:&quot;20&quot;,&quot;step_next_label&quot;:&quot;Next&quot;,&quot;step_previous_label&quot;:&quot;Previous&quot;,&quot;step_type&quot;:&quot;number_text&quot;,&quot;step_icon_shape&quot;:&quot;circle&quot;}\" data-widget_type=\"form.default\">\n\t\t\t\t<div class=\"elementor-widget-container\">\n\t\t\t\t\t\t\t<form class=\"elementor-form\" method=\"post\" name=\"New Form\" aria-label=\"New Form\">\n\t\t\t<input type=\"hidden\" name=\"post_id\" value=\"49810\"\/>\n\t\t\t<input type=\"hidden\" name=\"form_id\" value=\"384b800\"\/>\n\t\t\t<input type=\"hidden\" name=\"referer_title\" value=\"Seaside Golf Tours\" \/>\n\n\t\t\t\n\t\t\t<div class=\"elementor-form-fields-wrapper elementor-labels-above\">\n\t\t\t\t\t\t\t\t<div class=\"elementor-field-type-text elementor-field-group elementor-column elementor-field-group-field_personuppgifter elementor-col-100\">\n\t\t\t\t\t\t\t\t\t\t\t\t\t<input size=\"1\" type=\"text\" name=\"form_fields[field_personuppgifter]\" id=\"form-field-field_personuppgifter\" class=\"elementor-field elementor-size-sm  elementor-field-textual\" value=\"Personuppgifter\">\n\t\t\t\t\t\t\t\t\t\t\t<\/div>\n\t\t\t\t\t\t\t\t<div class=\"elementor-field-type-text elementor-field-group elementor-column elementor-field-group-field_9160e42 elementor-col-50 elementor-field-required elementor-mark-required\">\n\t\t\t\t\t\t\t\t\t\t\t\t<label for=\"form-field-field_9160e42\" class=\"elementor-field-label\">\n\t\t\t\t\t\t\t\tF\u00f6rnamn\t\t\t\t\t\t\t<\/label>\n\t\t\t\t\t\t\t\t\t\t\t\t\t\t<input size=\"1\" type=\"text\" name=\"form_fields[field_9160e42]\" id=\"form-field-field_9160e42\" class=\"elementor-field elementor-size-sm  elementor-field-textual\" placeholder=\"F\u00f6rnamn\" required=\"required\">\n\t\t\t\t\t\t\t\t\t\t\t<\/div>\n\t\t\t\t\t\t\t\t<div class=\"elementor-field-type-text elementor-field-group elementor-column elementor-field-group-field_73a13b3 elementor-col-50 elementor-field-required elementor-mark-required\">\n\t\t\t\t\t\t\t\t\t\t\t\t<label for=\"form-field-field_73a13b3\" class=\"elementor-field-label\">\n\t\t\t\t\t\t\t\tEfternamn\t\t\t\t\t\t\t<\/label>\n\t\t\t\t\t\t\t\t\t\t\t\t\t\t<input size=\"1\" type=\"text\" name=\"form_fields[field_73a13b3]\" id=\"form-field-field_73a13b3\" class=\"elementor-field elementor-size-sm  elementor-field-textual\" placeholder=\"Efternamn\" required=\"required\">\n\t\t\t\t\t\t\t\t\t\t\t<\/div>\n\t\t\t\t\t\t\t\t<div class=\"elementor-field-type-text elementor-field-group elementor-column elementor-field-group-email elementor-col-50\">\n\t\t\t\t\t\t\t\t\t\t\t\t<label for=\"form-field-email\" class=\"elementor-field-label\">\n\t\t\t\t\t\t\t\tTelefon\t\t\t\t\t\t\t<\/label>\n\t\t\t\t\t\t\t\t\t\t\t\t\t\t<input size=\"1\" type=\"text\" name=\"form_fields[email]\" id=\"form-field-email\" class=\"elementor-field elementor-size-sm  elementor-field-textual\" placeholder=\"Telefon\">\n\t\t\t\t\t\t\t\t\t\t\t<\/div>\n\t\t\t\t\t\t\t\t<div class=\"elementor-field-type-email elementor-field-group elementor-column elementor-field-group-field_epost elementor-col-50 elementor-field-required elementor-mark-required\">\n\t\t\t\t\t\t\t\t\t\t\t\t<label for=\"form-field-field_epost\" class=\"elementor-field-label\">\n\t\t\t\t\t\t\t\tEpost\t\t\t\t\t\t\t<\/label>\n\t\t\t\t\t\t\t\t\t\t\t\t\t\t<input size=\"1\" type=\"email\" name=\"form_fields[field_epost]\" id=\"form-field-field_epost\" class=\"elementor-field elementor-size-sm  elementor-field-textual\" placeholder=\"Epost\" required=\"required\">\n\t\t\t\t\t\t\t\t\t\t\t<\/div>\n\t\t\t\t\t\t\t\t<div class=\"elementor-field-type-text elementor-field-group elementor-column elementor-field-group-field_destinationer elementor-col-100\">\n\t\t\t\t\t\t\t\t\t\t\t\t\t<input size=\"1\" type=\"text\" name=\"form_fields[field_destinationer]\" id=\"form-field-field_destinationer\" class=\"elementor-field elementor-size-sm  elementor-field-textual\" value=\"Vilket\/Vilka resm\u00e5l \u00e4r ni intresserade av?\">\n\t\t\t\t\t\t\t\t\t\t\t<\/div>\n\t\t\t\t\t\t\t\t<div class=\"elementor-field-type-textarea elementor-field-group elementor-column elementor-field-group-field_80a2381 elementor-col-100 elementor-field-required elementor-mark-required\">\n\t\t\t\t\t\t\t\t\t\t\t\t<label for=\"form-field-field_80a2381\" class=\"elementor-field-label\">\n\t\t\t\t\t\t\t\tResm\u00e5l\t\t\t\t\t\t\t<\/label>\n\t\t\t\t\t\t<textarea class=\"elementor-field-textual elementor-field  elementor-size-sm\" name=\"form_fields[field_80a2381]\" id=\"form-field-field_80a2381\" rows=\"3\" required=\"required\"><\/textarea>\t\t\t\t<\/div>\n\t\t\t\t\t\t\t\t<div class=\"elementor-field-type-text elementor-field-group elementor-column elementor-field-group-field_resdatun elementor-col-100\">\n\t\t\t\t\t\t\t\t\t\t\t\t\t<input size=\"1\" type=\"text\" name=\"form_fields[field_resdatun]\" id=\"form-field-field_resdatun\" class=\"elementor-field elementor-size-sm  elementor-field-textual\" value=\"Resdatum\">\n\t\t\t\t\t\t\t\t\t\t\t<\/div>\n\t\t\t\t\t\t\t\t<div class=\"elementor-field-type-text elementor-field-group elementor-column elementor-field-group-field_72e8b19 elementor-col-70 elementor-field-required elementor-mark-required\">\n\t\t\t\t\t\t\t\t\t\t\t\t<label for=\"form-field-field_72e8b19\" class=\"elementor-field-label\">\n\t\t\t\t\t\t\t\tAnkomstdatum\t\t\t\t\t\t\t<\/label>\n\t\t\t\t\t\t\t\t\t\t\t\t\t\t<input size=\"1\" type=\"text\" name=\"form_fields[field_72e8b19]\" id=\"form-field-field_72e8b19\" class=\"elementor-field elementor-size-sm  elementor-field-textual\" required=\"required\">\n\t\t\t\t\t\t\t\t\t\t\t<\/div>\n\t\t\t\t\t\t\t\t<div class=\"elementor-field-type-text elementor-field-group elementor-column elementor-field-group-field_4a684a8 elementor-col-30 elementor-field-required elementor-mark-required\">\n\t\t\t\t\t\t\t\t\t\t\t\t<label for=\"form-field-field_4a684a8\" class=\"elementor-field-label\">\n\t\t\t\t\t\t\t\tAntal n\u00e4tter\t\t\t\t\t\t\t<\/label>\n\t\t\t\t\t\t\t\t\t\t\t\t\t\t<input size=\"1\" type=\"text\" name=\"form_fields[field_4a684a8]\" id=\"form-field-field_4a684a8\" class=\"elementor-field elementor-size-sm  elementor-field-textual\" required=\"required\">\n\t\t\t\t\t\t\t\t\t\t\t<\/div>\n\t\t\t\t\t\t\t\t<div class=\"elementor-field-type-text elementor-field-group elementor-column elementor-field-group-field_ytterligare elementor-col-100\">\n\t\t\t\t\t\t\t\t\t\t\t\t\t<input size=\"1\" type=\"text\" name=\"form_fields[field_ytterligare]\" id=\"form-field-field_ytterligare\" class=\"elementor-field elementor-size-sm  elementor-field-textual\" value=\"Ytterligare information\">\n\t\t\t\t\t\t\t\t\t\t\t<\/div>\n\t\t\t\t\t\t\t\t<div class=\"elementor-field-type-text elementor-field-group elementor-column elementor-field-group-field_762b677 elementor-col-50 elementor-field-required elementor-mark-required\">\n\t\t\t\t\t\t\t\t\t\t\t\t<label for=\"form-field-field_762b677\" class=\"elementor-field-label\">\n\t\t\t\t\t\t\t\tAntal deltagare\t\t\t\t\t\t\t<\/label>\n\t\t\t\t\t\t\t\t\t\t\t\t\t\t<input size=\"1\" type=\"text\" name=\"form_fields[field_762b677]\" id=\"form-field-field_762b677\" class=\"elementor-field elementor-size-sm  elementor-field-textual\" required=\"required\">\n\t\t\t\t\t\t\t\t\t\t\t<\/div>\n\t\t\t\t\t\t\t\t<div class=\"elementor-field-type-text elementor-field-group elementor-column elementor-field-group-field_7e620ef elementor-col-50 elementor-field-required elementor-mark-required\">\n\t\t\t\t\t\t\t\t\t\t\t\t<label for=\"form-field-field_7e620ef\" class=\"elementor-field-label\">\n\t\t\t\t\t\t\t\tUngef\u00e4rlig budget (per person)\t\t\t\t\t\t\t<\/label>\n\t\t\t\t\t\t\t\t\t\t\t\t\t\t<input size=\"1\" type=\"text\" name=\"form_fields[field_7e620ef]\" id=\"form-field-field_7e620ef\" class=\"elementor-field elementor-size-sm  elementor-field-textual\" required=\"required\">\n\t\t\t\t\t\t\t\t\t\t\t<\/div>\n\t\t\t\t\t\t\t\t<div class=\"elementor-field-type-textarea elementor-field-group elementor-column elementor-field-group-field_740605d elementor-col-100\">\n\t\t\t\t\t\t\t\t\t\t\t\t<label for=\"form-field-field_740605d\" class=\"elementor-field-label\">\n\t\t\t\t\t\t\t\tMeddelande\t\t\t\t\t\t\t<\/label>\n\t\t\t\t\t\t<textarea class=\"elementor-field-textual elementor-field  elementor-size-sm\" name=\"form_fields[field_740605d]\" id=\"form-field-field_740605d\" rows=\"3\"><\/textarea>\t\t\t\t<\/div>\n\t\t\t\t\t\t\t\t<div class=\"elementor-field-type-text elementor-field-group elementor-column elementor-field-group-field_medgivande elementor-col-100\">\n\t\t\t\t\t\t\t\t\t\t\t\t\t<input size=\"1\" type=\"text\" name=\"form_fields[field_medgivande]\" id=\"form-field-field_medgivande\" class=\"elementor-field elementor-size-sm  elementor-field-textual\" value=\"Medgivande\">\n\t\t\t\t\t\t\t\t\t\t\t<\/div>\n\t\t\t\t\t\t\t\t<div class=\"elementor-field-type-acceptance elementor-field-group elementor-column elementor-field-group-field_db8b27e elementor-col-100 elementor-field-required elementor-mark-required\">\n\t\t\t\t\t\t\t<div class=\"elementor-field-subgroup\">\n\t\t\t<span class=\"elementor-field-option\">\n\t\t\t\t<input type=\"checkbox\" name=\"form_fields[field_db8b27e]\" id=\"form-field-field_db8b27e\" class=\"elementor-field elementor-size-sm  elementor-acceptance-field\" required=\"required\">\n\t\t\t\t<label for=\"form-field-field_db8b27e\">Jag har l\u00e4st och f\u00f6rst\u00e5tt <a href=\"https:\/\/seasidegolftours.se\/integritet\/\"style=\"color: #000000;\">integritetspolicyn<\/a> samt godk\u00e4nner anv\u00e4ndandet av cookies.<\/label>\t\t\t<\/span>\n\t\t<\/div>\n\t\t\t\t\t\t<\/div>\n\t\t\t\t\t\t\t\t<div class=\"elementor-field-type-recaptcha_v3 elementor-field-group elementor-column elementor-field-group-field_18e84f2 elementor-col-100 recaptcha_v3-bottomright\">\n\t\t\t\t\t<div class=\"elementor-field\" id=\"form-field-field_18e84f2\"><div class=\"elementor-g-recaptcha\" data-sitekey=\"6Ldj9BslAAAAALghbx10HzzIRXId--O5o1xx3Thc\" data-type=\"v3\" data-action=\"Form\" data-badge=\"bottomright\" data-size=\"invisible\"><\/div><\/div>\t\t\t\t<\/div>\n\t\t\t\t\t\t\t\t<div class=\"elementor-field-group elementor-column elementor-field-type-submit elementor-col-20 e-form__buttons\">\n\t\t\t\t\t<button class=\"elementor-button elementor-size-md\" type=\"submit\">\n\t\t\t\t\t\t<span class=\"elementor-button-content-wrapper\">\n\t\t\t\t\t\t\t\t\t\t\t\t\t\t\t\t\t\t\t\t\t\t<span class=\"elementor-button-text\">Skicka<\/span>\n\t\t\t\t\t\t\t\t\t\t\t\t\t<\/span>\n\t\t\t\t\t<\/button>\n\t\t\t\t<\/div>\n\t\t\t<\/div>\n\t\t<\/form>\n\t\t\t\t\t\t<\/div>\n\t\t\t\t<\/div>\n\t\t\t\t\t<\/div>\n\t\t<\/div>\n\t\t\t\t\t<\/div>\n\t\t<\/section>\n\t\t\t\t<\/div>\n\t\t","protected":false},"excerpt":{"rendered":"<p>BOKNINGSF\u00d6RFR\u00c5GAN Fyll i v\u00e5rt bokningsformul\u00e4r f\u00f6r ett skr\u00e4ddarsytt paket<\/p>","protected":false},"author":4,"featured_media":0,"parent":0,"menu_order":0,"comment_status":"closed","ping_status":"closed","template":"elementor_header_footer","meta":{"neve_meta_sidebar":"","neve_meta_container":"","neve_meta_enable_content_width":"","neve_meta_content_width":0,"neve_meta_title_alignment":"","neve_meta_author_avatar":"","neve_post_elements_order":"","neve_meta_disable_header":"","neve_meta_disable_footer":"","neve_meta_disable_title":"","footnotes":""},"class_list":["post-49810","page","type-page","status-publish","hentry"],"yoast_head":"<!-- This site is optimized with the Yoast SEO plugin v27.4 - https:\/\/yoast.com\/product\/yoast-seo-wordpress\/ -->\n<title>Bokningsf\u00f6rfr\u00e5gan - Seaside Golf Tours<\/title>\n<meta name=\"description\" content=\"Fyll i v\u00e5rt bokningsformul\u00e4r med s\u00e5 mycket information som m\u00f6jligt. Vi \u00e5terkommer s\u00e5 fort vi kan men om ni har br\u00e5ttom g\u00e5r det bra att ringa p\u00e5 08 559 23 23 0.\" \/>\n<meta name=\"robots\" content=\"index, follow, max-snippet:-1, max-image-preview:large, max-video-preview:-1\" \/>\n<link rel=\"canonical\" href=\"https:\/\/seasidegolftours.se\/en\/bokningsforfragan\/\" \/>\n<meta property=\"og:locale\" content=\"en_GB\" \/>\n<meta property=\"og:type\" content=\"article\" \/>\n<meta property=\"og:title\" content=\"Bokningsf\u00f6rfr\u00e5gan - Seaside Golf Tours\" \/>\n<meta property=\"og:description\" content=\"Fyll i v\u00e5rt bokningsformul\u00e4r med s\u00e5 mycket information som m\u00f6jligt. Vi \u00e5terkommer s\u00e5 fort vi kan men om ni har br\u00e5ttom g\u00e5r det bra att ringa p\u00e5 08 559 23 23 0.\" \/>\n<meta property=\"og:url\" content=\"https:\/\/seasidegolftours.se\/en\/bokningsforfragan\/\" \/>\n<meta property=\"og:site_name\" content=\"Seaside Golf Tours\" \/>\n<meta property=\"article:publisher\" content=\"https:\/\/www.facebook.com\/seasidegolftourssverige\/\" \/>\n<meta property=\"article:modified_time\" content=\"2026-03-25T14:39:51+00:00\" \/>\n<meta name=\"twitter:card\" content=\"summary_large_image\" \/>\n<meta name=\"twitter:site\" content=\"@seasidegolftour\" \/>\n<meta name=\"twitter:label1\" content=\"Estimated reading time\" \/>\n\t<meta name=\"twitter:data1\" content=\"1 minute\" \/>\n<script type=\"application\/ld+json\" class=\"yoast-schema-graph\">{\"@context\":\"https:\\\/\\\/schema.org\",\"@graph\":[{\"@type\":\"WebPage\",\"@id\":\"https:\\\/\\\/seasidegolftours.se\\\/bokningsforfragan\\\/\",\"url\":\"https:\\\/\\\/seasidegolftours.se\\\/bokningsforfragan\\\/\",\"name\":\"Bokningsf\u00f6rfr\u00e5gan - Seaside Golf Tours\",\"isPartOf\":{\"@id\":\"https:\\\/\\\/seasidegolftours.se\\\/#website\"},\"datePublished\":\"2019-07-02T15:41:55+00:00\",\"dateModified\":\"2026-03-25T14:39:51+00:00\",\"description\":\"Fyll i v\u00e5rt bokningsformul\u00e4r med s\u00e5 mycket information som m\u00f6jligt. Vi \u00e5terkommer s\u00e5 fort vi kan men om ni har br\u00e5ttom g\u00e5r det bra att ringa p\u00e5 08 559 23 23 0.\",\"breadcrumb\":{\"@id\":\"https:\\\/\\\/seasidegolftours.se\\\/bokningsforfragan\\\/#breadcrumb\"},\"inLanguage\":\"en-GB\",\"potentialAction\":[{\"@type\":\"ReadAction\",\"target\":[\"https:\\\/\\\/seasidegolftours.se\\\/bokningsforfragan\\\/\"]}]},{\"@type\":\"BreadcrumbList\",\"@id\":\"https:\\\/\\\/seasidegolftours.se\\\/bokningsforfragan\\\/#breadcrumb\",\"itemListElement\":[{\"@type\":\"ListItem\",\"position\":1,\"name\":\"Home\",\"item\":\"https:\\\/\\\/seasidegolftours.se\\\/\"},{\"@type\":\"ListItem\",\"position\":2,\"name\":\"Bokningsf\u00f6rfr\u00e5gan\"}]},{\"@type\":\"WebSite\",\"@id\":\"https:\\\/\\\/seasidegolftours.se\\\/#website\",\"url\":\"https:\\\/\\\/seasidegolftours.se\\\/\",\"name\":\"Seaside Golf Tours\",\"description\":\"Your Vacation Your Way\",\"publisher\":{\"@id\":\"https:\\\/\\\/seasidegolftours.se\\\/#organization\"},\"potentialAction\":[{\"@type\":\"SearchAction\",\"target\":{\"@type\":\"EntryPoint\",\"urlTemplate\":\"https:\\\/\\\/seasidegolftours.se\\\/?s={search_term_string}\"},\"query-input\":{\"@type\":\"PropertyValueSpecification\",\"valueRequired\":true,\"valueName\":\"search_term_string\"}}],\"inLanguage\":\"en-GB\"},{\"@type\":\"Organization\",\"@id\":\"https:\\\/\\\/seasidegolftours.se\\\/#organization\",\"name\":\"Seaside Golf Tours\",\"url\":\"https:\\\/\\\/seasidegolftours.se\\\/\",\"logo\":{\"@type\":\"ImageObject\",\"inLanguage\":\"en-GB\",\"@id\":\"https:\\\/\\\/seasidegolftours.se\\\/#\\\/schema\\\/logo\\\/image\\\/\",\"url\":\"http:\\\/\\\/seasidegolftours.se\\\/wp-content\\\/uploads\\\/golf-300x105footer.png\",\"contentUrl\":\"http:\\\/\\\/seasidegolftours.se\\\/wp-content\\\/uploads\\\/golf-300x105footer.png\",\"width\":300,\"height\":105,\"caption\":\"Seaside Golf Tours\"},\"image\":{\"@id\":\"https:\\\/\\\/seasidegolftours.se\\\/#\\\/schema\\\/logo\\\/image\\\/\"},\"sameAs\":[\"https:\\\/\\\/www.facebook.com\\\/seasidegolftourssverige\\\/\",\"https:\\\/\\\/x.com\\\/seasidegolftour\",\"https:\\\/\\\/www.instagram.com\\\/seasidegolftours\\\/\"]}]}<\/script>\n<!-- \/ Yoast SEO plugin. -->","yoast_head_json":{"title":"Bokningsf\u00f6rfr\u00e5gan - Seaside Golf Tours","description":"Fyll i v\u00e5rt bokningsformul\u00e4r med s\u00e5 mycket information som m\u00f6jligt. Vi \u00e5terkommer s\u00e5 fort vi kan men om ni har br\u00e5ttom g\u00e5r det bra att ringa p\u00e5 08 559 23 23 0.","robots":{"index":"index","follow":"follow","max-snippet":"max-snippet:-1","max-image-preview":"max-image-preview:large","max-video-preview":"max-video-preview:-1"},"canonical":"https:\/\/seasidegolftours.se\/en\/bokningsforfragan\/","og_locale":"en_GB","og_type":"article","og_title":"Bokningsf\u00f6rfr\u00e5gan - Seaside Golf Tours","og_description":"Fyll i v\u00e5rt bokningsformul\u00e4r med s\u00e5 mycket information som m\u00f6jligt. Vi \u00e5terkommer s\u00e5 fort vi kan men om ni har br\u00e5ttom g\u00e5r det bra att ringa p\u00e5 08 559 23 23 0.","og_url":"https:\/\/seasidegolftours.se\/en\/bokningsforfragan\/","og_site_name":"Seaside Golf Tours","article_publisher":"https:\/\/www.facebook.com\/seasidegolftourssverige\/","article_modified_time":"2026-03-25T14:39:51+00:00","twitter_card":"summary_large_image","twitter_site":"@seasidegolftour","twitter_misc":{"Estimated reading time":"1 minute"},"schema":{"@context":"https:\/\/schema.org","@graph":[{"@type":"WebPage","@id":"https:\/\/seasidegolftours.se\/bokningsforfragan\/","url":"https:\/\/seasidegolftours.se\/bokningsforfragan\/","name":"Bokningsf\u00f6rfr\u00e5gan - Seaside Golf Tours","isPartOf":{"@id":"https:\/\/seasidegolftours.se\/#website"},"datePublished":"2019-07-02T15:41:55+00:00","dateModified":"2026-03-25T14:39:51+00:00","description":"Fyll i v\u00e5rt bokningsformul\u00e4r med s\u00e5 mycket information som m\u00f6jligt. Vi \u00e5terkommer s\u00e5 fort vi kan men om ni har br\u00e5ttom g\u00e5r det bra att ringa p\u00e5 08 559 23 23 0.","breadcrumb":{"@id":"https:\/\/seasidegolftours.se\/bokningsforfragan\/#breadcrumb"},"inLanguage":"en-GB","potentialAction":[{"@type":"ReadAction","target":["https:\/\/seasidegolftours.se\/bokningsforfragan\/"]}]},{"@type":"BreadcrumbList","@id":"https:\/\/seasidegolftours.se\/bokningsforfragan\/#breadcrumb","itemListElement":[{"@type":"ListItem","position":1,"name":"Home","item":"https:\/\/seasidegolftours.se\/"},{"@type":"ListItem","position":2,"name":"Bokningsf\u00f6rfr\u00e5gan"}]},{"@type":"WebSite","@id":"https:\/\/seasidegolftours.se\/#website","url":"https:\/\/seasidegolftours.se\/","name":"Seaside Golf Tours","description":"Your Vacation Your Way","publisher":{"@id":"https:\/\/seasidegolftours.se\/#organization"},"potentialAction":[{"@type":"SearchAction","target":{"@type":"EntryPoint","urlTemplate":"https:\/\/seasidegolftours.se\/?s={search_term_string}"},"query-input":{"@type":"PropertyValueSpecification","valueRequired":true,"valueName":"search_term_string"}}],"inLanguage":"en-GB"},{"@type":"Organization","@id":"https:\/\/seasidegolftours.se\/#organization","name":"Seaside Golf Tours","url":"https:\/\/seasidegolftours.se\/","logo":{"@type":"ImageObject","inLanguage":"en-GB","@id":"https:\/\/seasidegolftours.se\/#\/schema\/logo\/image\/","url":"http:\/\/seasidegolftours.se\/wp-content\/uploads\/golf-300x105footer.png","contentUrl":"http:\/\/seasidegolftours.se\/wp-content\/uploads\/golf-300x105footer.png","width":300,"height":105,"caption":"Seaside Golf Tours"},"image":{"@id":"https:\/\/seasidegolftours.se\/#\/schema\/logo\/image\/"},"sameAs":["https:\/\/www.facebook.com\/seasidegolftourssverige\/","https:\/\/x.com\/seasidegolftour","https:\/\/www.instagram.com\/seasidegolftours\/"]}]}},"_links":{"self":[{"href":"https:\/\/seasidegolftours.se\/en\/wp-json\/wp\/v2\/pages\/49810","targetHints":{"allow":["GET"]}}],"collection":[{"href":"https:\/\/seasidegolftours.se\/en\/wp-json\/wp\/v2\/pages"}],"about":[{"href":"https:\/\/seasidegolftours.se\/en\/wp-json\/wp\/v2\/types\/page"}],"author":[{"embeddable":true,"href":"https:\/\/seasidegolftours.se\/en\/wp-json\/wp\/v2\/users\/4"}],"replies":[{"embeddable":true,"href":"https:\/\/seasidegolftours.se\/en\/wp-json\/wp\/v2\/comments?post=49810"}],"version-history":[{"count":86,"href":"https:\/\/seasidegolftours.se\/en\/wp-json\/wp\/v2\/pages\/49810\/revisions"}],"predecessor-version":[{"id":251655,"href":"https:\/\/seasidegolftours.se\/en\/wp-json\/wp\/v2\/pages\/49810\/revisions\/251655"}],"wp:attachment":[{"href":"https:\/\/seasidegolftours.se\/en\/wp-json\/wp\/v2\/media?parent=49810"}],"curies":[{"name":"wp","href":"https:\/\/api.w.org\/{rel}","templated":true}]}}