{"id":47092,"date":"2019-06-30T14:49:32","date_gmt":"2019-06-30T14:49:32","guid":{"rendered":"http:\/\/seasidegolftours.se\/?page_id=47092"},"modified":"2023-05-04T08:42:51","modified_gmt":"2023-05-04T09:42:51","slug":"the-glen","status":"publish","type":"page","link":"https:\/\/seasidegolftours.se\/en\/skottland-golf\/east-lothian\/the-glen\/","title":{"rendered":"The Glen"},"content":{"rendered":"<div data-elementor-type=\"wp-page\" data-elementor-id=\"47092\" class=\"elementor elementor-47092\" data-elementor-post-type=\"page\">\n\t\t\t\t\t\t<section class=\"elementor-section elementor-top-section elementor-element elementor-element-6bdd77fe elementor-section-full_width elementor-section-height-default elementor-section-height-default\" data-id=\"6bdd77fe\" data-element_type=\"section\" data-e-type=\"section\" data-settings=\"{&quot;background_background&quot;:&quot;classic&quot;}\">\n\t\t\t\t\t\t\t<div class=\"elementor-background-overlay\"><\/div>\n\t\t\t\t\t\t\t<div class=\"elementor-container elementor-column-gap-default\">\n\t\t\t\t\t<div class=\"elementor-column elementor-col-100 elementor-top-column elementor-element elementor-element-1601724f\" data-id=\"1601724f\" data-element_type=\"column\" data-e-type=\"column\">\n\t\t\t<div class=\"elementor-widget-wrap elementor-element-populated\">\n\t\t\t\t\t\t<div class=\"elementor-element elementor-element-20db8675 elementor-widget elementor-widget-heading\" data-id=\"20db8675\" data-element_type=\"widget\" data-e-type=\"widget\" data-widget_type=\"heading.default\">\n\t\t\t\t<div class=\"elementor-widget-container\">\n\t\t\t\t\t<h2 class=\"elementor-heading-title elementor-size-default\">THE GLEN<\/h2>\t\t\t\t<\/div>\n\t\t\t\t<\/div>\n\t\t\t\t\t<\/div>\n\t\t<\/div>\n\t\t\t\t\t<\/div>\n\t\t<\/section>\n\t\t\t\t<section class=\"elementor-section elementor-top-section elementor-element elementor-element-46e5075e elementor-section-full_width elementor-section-height-min-height elementor-section-height-default elementor-section-items-middle\" data-id=\"46e5075e\" data-element_type=\"section\" data-e-type=\"section\" data-settings=\"{&quot;background_background&quot;:&quot;classic&quot;}\">\n\t\t\t\t\t\t<div class=\"elementor-container elementor-column-gap-default\">\n\t\t\t\t\t<div class=\"elementor-column elementor-col-100 elementor-top-column elementor-element elementor-element-5e946b1b\" data-id=\"5e946b1b\" data-element_type=\"column\" data-e-type=\"column\">\n\t\t\t<div class=\"elementor-widget-wrap\">\n\t\t\t\t\t\t\t<\/div>\n\t\t<\/div>\n\t\t\t\t\t<\/div>\n\t\t<\/section>\n\t\t\t\t<section class=\"elementor-section elementor-top-section elementor-element elementor-element-21220ee8 elementor-section-content-top elementor-section-full_width elementor-section-height-default elementor-section-height-default\" data-id=\"21220ee8\" data-element_type=\"section\" data-e-type=\"section\" data-settings=\"{&quot;shape_divider_bottom&quot;:&quot;wave-brush&quot;}\">\n\t\t\t\t\t<div class=\"elementor-shape elementor-shape-bottom\" aria-hidden=\"true\" data-negative=\"false\">\n\t\t\t<svg xmlns=\"http:\/\/www.w3.org\/2000\/svg\" viewbox=\"0 0 283.5 27.8\" preserveaspectratio=\"none\">\n\t<path class=\"elementor-shape-fill\" d=\"M283.5,9.7c0,0-7.3,4.3-14,4.6c-6.8,0.3-12.6,0-20.9-1.5c-11.3-2-33.1-10.1-44.7-5.7\ts-12.1,4.6-18,7.4c-6.6,3.2-20,9.6-36.6,9.3C131.6,23.5,99.5,7.2,86.3,8c-1.4,0.1-6.6,0.8-10.5,2c-3.8,1.2-9.4,3.8-17,4.7\tc-3.2,0.4-8.3,1.1-14.2,0.9c-1.5-0.1-6.3-0.4-12-1.6c-5.7-1.2-11-3.1-15.8-3.7C6.5,9.2,0,10.8,0,10.8V0h283.5V9.7z M260.8,11.3\tc-0.7-1-2-0.4-4.3-0.4c-2.3,0-6.1-1.2-5.8-1.1c0.3,0.1,3.1,1.5,6,1.9C259.7,12.2,261.4,12.3,260.8,11.3z M242.4,8.6\tc0,0-2.4-0.2-5.6-0.9c-3.2-0.8-10.3-2.8-15.1-3.5c-8.2-1.1-15.8,0-15.1,0.1c0.8,0.1,9.6-0.6,17.6,1.1c3.3,0.7,9.3,2.2,12.4,2.7\tC239.9,8.7,242.4,8.6,242.4,8.6z M185.2,8.5c1.7-0.7-13.3,4.7-18.5,6.1c-2.1,0.6-6.2,1.6-10,2c-3.9,0.4-8.9,0.4-8.8,0.5\tc0,0.2,5.8,0.8,11.2,0c5.4-0.8,5.2-1.1,7.6-1.6C170.5,14.7,183.5,9.2,185.2,8.5z M199.1,6.9c0.2,0-0.8-0.4-4.8,1.1\tc-4,1.5-6.7,3.5-6.9,3.7c-0.2,0.1,3.5-1.8,6.6-3C197,7.5,199,6.9,199.1,6.9z M283,6c-0.1,0.1-1.9,1.1-4.8,2.5s-6.9,2.8-6.7,2.7\tc0.2,0,3.5-0.6,7.4-2.5C282.8,6.8,283.1,5.9,283,6z M31.3,11.6c0.1-0.2-1.9-0.2-4.5-1.2s-5.4-1.6-7.8-2C15,7.6,7.3,8.5,7.7,8.6\tC8,8.7,15.9,8.3,20.2,9.3c2.2,0.5,2.4,0.5,5.7,1.6S31.2,11.9,31.3,11.6z M73,9.2c0.4-0.1,3.5-1.6,8.4-2.6c4.9-1.1,8.9-0.5,8.9-0.8\tc0-0.3-1-0.9-6.2-0.3S72.6,9.3,73,9.2z M71.6,6.7C71.8,6.8,75,5.4,77.3,5c2.3-0.3,1.9-0.5,1.9-0.6c0-0.1-1.1-0.2-2.7,0.2\tC74.8,5.1,71.4,6.6,71.6,6.7z M93.6,4.4c0.1,0.2,3.5,0.8,5.6,1.8c2.1,1,1.8,0.6,1.9,0.5c0.1-0.1-0.8-0.8-2.4-1.3\tC97.1,4.8,93.5,4.2,93.6,4.4z M65.4,11.1c-0.1,0.3,0.3,0.5,1.9-0.2s2.6-1.3,2.2-1.2s-0.9,0.4-2.5,0.8C65.3,10.9,65.5,10.8,65.4,11.1\tz M34.5,12.4c-0.2,0,2.1,0.8,3.3,0.9c1.2,0.1,2,0.1,2-0.2c0-0.3-0.1-0.5-1.6-0.4C36.6,12.8,34.7,12.4,34.5,12.4z M152.2,21.1\tc-0.1,0.1-2.4-0.3-7.5-0.3c-5,0-13.6-2.4-17.2-3.5c-3.6-1.1,10,3.9,16.5,4.1C150.5,21.6,152.3,21,152.2,21.1z\"\/>\n\t<path class=\"elementor-shape-fill\" d=\"M269.6,18c-0.1-0.1-4.6,0.3-7.2,0c-7.3-0.7-17-3.2-16.6-2.9c0.4,0.3,13.7,3.1,17,3.3\tC267.7,18.8,269.7,18,269.6,18z\"\/>\n\t<path class=\"elementor-shape-fill\" d=\"M227.4,9.8c-0.2-0.1-4.5-1-9.5-1.2c-5-0.2-12.7,0.6-12.3,0.5c0.3-0.1,5.9-1.8,13.3-1.2\tS227.6,9.9,227.4,9.8z\"\/>\n\t<path class=\"elementor-shape-fill\" d=\"M204.5,13.4c-0.1-0.1,2-1,3.2-1.1c1.2-0.1,2,0,2,0.3c0,0.3-0.1,0.5-1.6,0.4\tC206.4,12.9,204.6,13.5,204.5,13.4z\"\/>\n\t<path class=\"elementor-shape-fill\" d=\"M201,10.6c0-0.1-4.4,1.2-6.3,2.2c-1.9,0.9-6.2,3.1-6.1,3.1c0.1,0.1,4.2-1.6,6.3-2.6\tS201,10.7,201,10.6z\"\/>\n\t<path class=\"elementor-shape-fill\" d=\"M154.5,26.7c-0.1-0.1-4.6,0.3-7.2,0c-7.3-0.7-17-3.2-16.6-2.9c0.4,0.3,13.7,3.1,17,3.3\tC152.6,27.5,154.6,26.8,154.5,26.7z\"\/>\n\t<path class=\"elementor-shape-fill\" d=\"M41.9,19.3c0,0,1.2-0.3,2.9-0.1c1.7,0.2,5.8,0.9,8.2,0.7c4.2-0.4,7.4-2.7,7-2.6\tc-0.4,0-4.3,2.2-8.6,1.9c-1.8-0.1-5.1-0.5-6.7-0.4S41.9,19.3,41.9,19.3z\"\/>\n\t<path class=\"elementor-shape-fill\" d=\"M75.5,12.6c0.2,0.1,2-0.8,4.3-1.1c2.3-0.2,2.1-0.3,2.1-0.5c0-0.1-1.8-0.4-3.4,0\tC76.9,11.5,75.3,12.5,75.5,12.6z\"\/>\n\t<path class=\"elementor-shape-fill\" d=\"M15.6,13.2c0-0.1,4.3,0,6.7,0.5c2.4,0.5,5,1.9,5,2c0,0.1-2.7-0.8-5.1-1.4\tC19.9,13.7,15.7,13.3,15.6,13.2z\"\/>\n<\/svg>\t\t<\/div>\n\t\t\t\t\t<div class=\"elementor-container elementor-column-gap-default\">\n\t\t\t\t\t<div class=\"elementor-column elementor-col-50 elementor-top-column elementor-element elementor-element-5dbf22fa\" data-id=\"5dbf22fa\" data-element_type=\"column\" data-e-type=\"column\">\n\t\t\t<div class=\"elementor-widget-wrap elementor-element-populated\">\n\t\t\t\t\t\t<div class=\"elementor-element elementor-element-2dd359a6 elementor-widget elementor-widget-heading\" data-id=\"2dd359a6\" data-element_type=\"widget\" data-e-type=\"widget\" data-widget_type=\"heading.default\">\n\t\t\t\t<div class=\"elementor-widget-container\">\n\t\t\t\t\t<h2 class=\"elementor-heading-title elementor-size-default\">Vackra The Glen \u00e4r inte bara en fantastisk linksbana utan \u00e4ven en klubb d\u00e4r man blir riktigt bra mottagen som g\u00e4st!<\/h2>\t\t\t\t<\/div>\n\t\t\t\t<\/div>\n\t\t\t\t<div class=\"elementor-element elementor-element-5c7e6d03 elementor-widget elementor-widget-image\" data-id=\"5c7e6d03\" data-element_type=\"widget\" data-e-type=\"widget\" data-widget_type=\"image.default\">\n\t\t\t\t<div class=\"elementor-widget-container\">\n\t\t\t\t\t\t\t\t\t\t\t\t\t\t\t<img fetchpriority=\"high\" decoding=\"async\" width=\"1200\" height=\"800\" src=\"https:\/\/seasidegolftours.se\/wp-content\/uploads\/the-glen.jpg\" class=\"attachment-large size-large wp-image-249235\" alt=\"\" srcset=\"https:\/\/seasidegolftours.se\/wp-content\/uploads\/\/the-glen.jpg 1200w, https:\/\/seasidegolftours.se\/wp-content\/uploads\/\/the-glen-600x400.jpg 600w\" sizes=\"(max-width: 1200px) 100vw, 1200px\" \/>\t\t\t\t\t\t\t\t\t\t\t\t\t\t\t<\/div>\n\t\t\t\t<\/div>\n\t\t\t\t\t<\/div>\n\t\t<\/div>\n\t\t\t\t<div class=\"elementor-column elementor-col-50 elementor-top-column elementor-element elementor-element-5bd9e6d0\" data-id=\"5bd9e6d0\" data-element_type=\"column\" data-e-type=\"column\">\n\t\t\t<div class=\"elementor-widget-wrap elementor-element-populated\">\n\t\t\t\t\t\t<div class=\"elementor-element elementor-element-7c0bd278 elementor-widget elementor-widget-text-editor\" data-id=\"7c0bd278\" data-element_type=\"widget\" data-e-type=\"widget\" data-widget_type=\"text-editor.default\">\n\t\t\t\t<div class=\"elementor-widget-container\">\n\t\t\t\t\t\t\t\t\t<h2><strong>FAKTA OM THE GLEN<\/strong><\/h2><p>The Glen \u00e4r en liten p\u00e4rla som ligger i skuggan av North Berwick. Ofta kallad East Links (North Berwick \u00e4r West Links) d\u00e5 den ligger till \u00f6ster om staden. Banan ligger delvis p\u00e5 en klippa med fantastiska vyer som resultat. En lite kortare bana, nio av de tolv par 4 \u00e4r kortare \u00e4n 400 yards, och med lite enklare ruff, g\u00f6r att den bana passar alla golfare.<\/p>\t\t\t\t\t\t\t\t<\/div>\n\t\t\t\t<\/div>\n\t\t\t\t<div class=\"elementor-element elementor-element-462cc7a7 elementor-align-left elementor-widget elementor-widget-button\" data-id=\"462cc7a7\" data-element_type=\"widget\" data-e-type=\"widget\" data-widget_type=\"button.default\">\n\t\t\t\t<div class=\"elementor-widget-container\">\n\t\t\t\t\t\t\t\t\t<div class=\"elementor-button-wrapper\">\n\t\t\t\t\t<a class=\"elementor-button elementor-button-link elementor-size-sm\" href=\"http:\/\/seasidegolftours.se\/en\/kontakta-oss\/\">\n\t\t\t\t\t\t<span class=\"elementor-button-content-wrapper\">\n\t\t\t\t\t\t\t\t\t<span class=\"elementor-button-text\">Kontakta Oss Om The Glen<\/span>\n\t\t\t\t\t<\/span>\n\t\t\t\t\t<\/a>\n\t\t\t\t<\/div>\n\t\t\t\t\t\t\t\t<\/div>\n\t\t\t\t<\/div>\n\t\t\t\t\t<\/div>\n\t\t<\/div>\n\t\t\t\t\t<\/div>\n\t\t<\/section>\n\t\t\t\t<section class=\"elementor-section elementor-top-section elementor-element elementor-element-55e9dd5c elementor-section-height-min-height elementor-section-full_width elementor-section-height-default elementor-section-items-middle\" data-id=\"55e9dd5c\" data-element_type=\"section\" data-e-type=\"section\" data-settings=\"{&quot;background_background&quot;:&quot;classic&quot;,&quot;shape_divider_top&quot;:&quot;wave-brush&quot;}\">\n\t\t\t\t\t\t\t<div class=\"elementor-background-overlay\"><\/div>\n\t\t\t\t\t\t<div class=\"elementor-shape elementor-shape-top\" aria-hidden=\"true\" data-negative=\"false\">\n\t\t\t<svg xmlns=\"http:\/\/www.w3.org\/2000\/svg\" viewbox=\"0 0 283.5 27.8\" preserveaspectratio=\"none\">\n\t<path class=\"elementor-shape-fill\" d=\"M283.5,9.7c0,0-7.3,4.3-14,4.6c-6.8,0.3-12.6,0-20.9-1.5c-11.3-2-33.1-10.1-44.7-5.7\ts-12.1,4.6-18,7.4c-6.6,3.2-20,9.6-36.6,9.3C131.6,23.5,99.5,7.2,86.3,8c-1.4,0.1-6.6,0.8-10.5,2c-3.8,1.2-9.4,3.8-17,4.7\tc-3.2,0.4-8.3,1.1-14.2,0.9c-1.5-0.1-6.3-0.4-12-1.6c-5.7-1.2-11-3.1-15.8-3.7C6.5,9.2,0,10.8,0,10.8V0h283.5V9.7z M260.8,11.3\tc-0.7-1-2-0.4-4.3-0.4c-2.3,0-6.1-1.2-5.8-1.1c0.3,0.1,3.1,1.5,6,1.9C259.7,12.2,261.4,12.3,260.8,11.3z M242.4,8.6\tc0,0-2.4-0.2-5.6-0.9c-3.2-0.8-10.3-2.8-15.1-3.5c-8.2-1.1-15.8,0-15.1,0.1c0.8,0.1,9.6-0.6,17.6,1.1c3.3,0.7,9.3,2.2,12.4,2.7\tC239.9,8.7,242.4,8.6,242.4,8.6z M185.2,8.5c1.7-0.7-13.3,4.7-18.5,6.1c-2.1,0.6-6.2,1.6-10,2c-3.9,0.4-8.9,0.4-8.8,0.5\tc0,0.2,5.8,0.8,11.2,0c5.4-0.8,5.2-1.1,7.6-1.6C170.5,14.7,183.5,9.2,185.2,8.5z M199.1,6.9c0.2,0-0.8-0.4-4.8,1.1\tc-4,1.5-6.7,3.5-6.9,3.7c-0.2,0.1,3.5-1.8,6.6-3C197,7.5,199,6.9,199.1,6.9z M283,6c-0.1,0.1-1.9,1.1-4.8,2.5s-6.9,2.8-6.7,2.7\tc0.2,0,3.5-0.6,7.4-2.5C282.8,6.8,283.1,5.9,283,6z M31.3,11.6c0.1-0.2-1.9-0.2-4.5-1.2s-5.4-1.6-7.8-2C15,7.6,7.3,8.5,7.7,8.6\tC8,8.7,15.9,8.3,20.2,9.3c2.2,0.5,2.4,0.5,5.7,1.6S31.2,11.9,31.3,11.6z M73,9.2c0.4-0.1,3.5-1.6,8.4-2.6c4.9-1.1,8.9-0.5,8.9-0.8\tc0-0.3-1-0.9-6.2-0.3S72.6,9.3,73,9.2z M71.6,6.7C71.8,6.8,75,5.4,77.3,5c2.3-0.3,1.9-0.5,1.9-0.6c0-0.1-1.1-0.2-2.7,0.2\tC74.8,5.1,71.4,6.6,71.6,6.7z M93.6,4.4c0.1,0.2,3.5,0.8,5.6,1.8c2.1,1,1.8,0.6,1.9,0.5c0.1-0.1-0.8-0.8-2.4-1.3\tC97.1,4.8,93.5,4.2,93.6,4.4z M65.4,11.1c-0.1,0.3,0.3,0.5,1.9-0.2s2.6-1.3,2.2-1.2s-0.9,0.4-2.5,0.8C65.3,10.9,65.5,10.8,65.4,11.1\tz M34.5,12.4c-0.2,0,2.1,0.8,3.3,0.9c1.2,0.1,2,0.1,2-0.2c0-0.3-0.1-0.5-1.6-0.4C36.6,12.8,34.7,12.4,34.5,12.4z M152.2,21.1\tc-0.1,0.1-2.4-0.3-7.5-0.3c-5,0-13.6-2.4-17.2-3.5c-3.6-1.1,10,3.9,16.5,4.1C150.5,21.6,152.3,21,152.2,21.1z\"\/>\n\t<path class=\"elementor-shape-fill\" d=\"M269.6,18c-0.1-0.1-4.6,0.3-7.2,0c-7.3-0.7-17-3.2-16.6-2.9c0.4,0.3,13.7,3.1,17,3.3\tC267.7,18.8,269.7,18,269.6,18z\"\/>\n\t<path class=\"elementor-shape-fill\" d=\"M227.4,9.8c-0.2-0.1-4.5-1-9.5-1.2c-5-0.2-12.7,0.6-12.3,0.5c0.3-0.1,5.9-1.8,13.3-1.2\tS227.6,9.9,227.4,9.8z\"\/>\n\t<path class=\"elementor-shape-fill\" d=\"M204.5,13.4c-0.1-0.1,2-1,3.2-1.1c1.2-0.1,2,0,2,0.3c0,0.3-0.1,0.5-1.6,0.4\tC206.4,12.9,204.6,13.5,204.5,13.4z\"\/>\n\t<path class=\"elementor-shape-fill\" d=\"M201,10.6c0-0.1-4.4,1.2-6.3,2.2c-1.9,0.9-6.2,3.1-6.1,3.1c0.1,0.1,4.2-1.6,6.3-2.6\tS201,10.7,201,10.6z\"\/>\n\t<path class=\"elementor-shape-fill\" d=\"M154.5,26.7c-0.1-0.1-4.6,0.3-7.2,0c-7.3-0.7-17-3.2-16.6-2.9c0.4,0.3,13.7,3.1,17,3.3\tC152.6,27.5,154.6,26.8,154.5,26.7z\"\/>\n\t<path class=\"elementor-shape-fill\" d=\"M41.9,19.3c0,0,1.2-0.3,2.9-0.1c1.7,0.2,5.8,0.9,8.2,0.7c4.2-0.4,7.4-2.7,7-2.6\tc-0.4,0-4.3,2.2-8.6,1.9c-1.8-0.1-5.1-0.5-6.7-0.4S41.9,19.3,41.9,19.3z\"\/>\n\t<path class=\"elementor-shape-fill\" d=\"M75.5,12.6c0.2,0.1,2-0.8,4.3-1.1c2.3-0.2,2.1-0.3,2.1-0.5c0-0.1-1.8-0.4-3.4,0\tC76.9,11.5,75.3,12.5,75.5,12.6z\"\/>\n\t<path class=\"elementor-shape-fill\" d=\"M15.6,13.2c0-0.1,4.3,0,6.7,0.5c2.4,0.5,5,1.9,5,2c0,0.1-2.7-0.8-5.1-1.4\tC19.9,13.7,15.7,13.3,15.6,13.2z\"\/>\n<\/svg>\t\t<\/div>\n\t\t\t\t\t<div class=\"elementor-container elementor-column-gap-default\">\n\t\t\t\t\t<div class=\"elementor-column elementor-col-100 elementor-top-column elementor-element elementor-element-5f6e5f6b\" data-id=\"5f6e5f6b\" data-element_type=\"column\" data-e-type=\"column\">\n\t\t\t<div class=\"elementor-widget-wrap elementor-element-populated\">\n\t\t\t\t\t\t<div class=\"elementor-element elementor-element-41e6ae2 elementor-widget elementor-widget-heading\" data-id=\"41e6ae2\" data-element_type=\"widget\" data-e-type=\"widget\" data-widget_type=\"heading.default\">\n\t\t\t\t<div class=\"elementor-widget-container\">\n\t\t\t\t\t<h3 class=\"elementor-heading-title elementor-size-default\">\"Our trip was rescheduled 3 times due to Covid but despite all the changes Seaside Golf Tours fixed everything great. I can really recommend them and I will use them again next time we go to Scotland.\"<\/h3>\t\t\t\t<\/div>\n\t\t\t\t<\/div>\n\t\t\t\t\t<\/div>\n\t\t<\/div>\n\t\t\t\t\t<\/div>\n\t\t<\/section>\n\t\t\t\t<\/div>","protected":false},"excerpt":{"rendered":"<p>THE GLEN Vackra The Glen \u00e4r inte bara en fantastisk linksbana utan \u00e4ven en klubb d\u00e4r man blir riktigt bra mottagen som g\u00e4st! FAKTA OM THE GLEN The Glen \u00e4r en liten p\u00e4rla som ligger i skuggan av North Berwick. Ofta kallad East Links (North Berwick \u00e4r West Links) d\u00e5 den ligger till \u00f6ster om&hellip;&nbsp;<a href=\"https:\/\/seasidegolftours.se\/en\/skottland-golf\/east-lothian\/the-glen\/\" rel=\"bookmark\">Read More &raquo;<span class=\"screen-reader-text\">The Glen<\/span><\/a><\/p>","protected":false},"author":4,"featured_media":249235,"parent":250726,"menu_order":0,"comment_status":"closed","ping_status":"closed","template":"elementor_header_footer","meta":{"neve_meta_sidebar":"","neve_meta_container":"","neve_meta_enable_content_width":"","neve_meta_content_width":0,"neve_meta_title_alignment":"","neve_meta_author_avatar":"","neve_post_elements_order":"","neve_meta_disable_header":"","neve_meta_disable_footer":"","neve_meta_disable_title":"","footnotes":""},"class_list":["post-47092","page","type-page","status-publish","has-post-thumbnail","hentry"],"yoast_head":"<!-- This site is optimized with the Yoast SEO plugin v27.4 - https:\/\/yoast.com\/product\/yoast-seo-wordpress\/ -->\n<title>The Glen - Golfpaket till East Lothian<\/title>\n<meta name=\"description\" content=\"The Glen GC \u00e4r en av v\u00e5ra favoriter i East Lothian! N\u00e4r du bokar en golfresa till North Berwick i Skottland rekommenderar vi ett bes\u00f6k h\u00e4r.\" \/>\n<meta name=\"robots\" content=\"index, follow, max-snippet:-1, max-image-preview:large, max-video-preview:-1\" \/>\n<link rel=\"canonical\" href=\"https:\/\/seasidegolftours.se\/en\/skottland-golf\/east-lothian\/the-glen\/\" \/>\n<meta property=\"og:locale\" content=\"en_GB\" \/>\n<meta property=\"og:type\" content=\"article\" \/>\n<meta property=\"og:title\" content=\"The Glen - Golfpaket till East Lothian\" \/>\n<meta property=\"og:description\" content=\"The Glen GC \u00e4r en av v\u00e5ra favoriter i East Lothian! N\u00e4r du bokar en golfresa till North Berwick i Skottland rekommenderar vi ett bes\u00f6k h\u00e4r.\" \/>\n<meta property=\"og:url\" content=\"https:\/\/seasidegolftours.se\/en\/skottland-golf\/east-lothian\/the-glen\/\" \/>\n<meta property=\"og:site_name\" content=\"Seaside Golf Tours\" \/>\n<meta property=\"article:publisher\" content=\"https:\/\/www.facebook.com\/seasidegolftourssverige\/\" \/>\n<meta property=\"article:modified_time\" content=\"2023-05-04T09:42:51+00:00\" \/>\n<meta property=\"og:image\" content=\"http:\/\/seasidegolftours.se\/wp-content\/uploads\/the-glen.jpg\" \/>\n\t<meta property=\"og:image:width\" content=\"1200\" \/>\n\t<meta property=\"og:image:height\" content=\"800\" \/>\n\t<meta property=\"og:image:type\" content=\"image\/jpeg\" \/>\n<meta name=\"twitter:card\" content=\"summary_large_image\" \/>\n<meta name=\"twitter:site\" content=\"@seasidegolftour\" \/>\n<meta name=\"twitter:label1\" content=\"Estimated reading time\" \/>\n\t<meta name=\"twitter:data1\" content=\"1 minute\" \/>\n<script type=\"application\/ld+json\" class=\"yoast-schema-graph\">{\"@context\":\"https:\\\/\\\/schema.org\",\"@graph\":[{\"@type\":\"WebPage\",\"@id\":\"https:\\\/\\\/seasidegolftours.se\\\/skottland-golf\\\/east-lothian\\\/the-glen\\\/\",\"url\":\"https:\\\/\\\/seasidegolftours.se\\\/skottland-golf\\\/east-lothian\\\/the-glen\\\/\",\"name\":\"The Glen - Golfpaket till East Lothian\",\"isPartOf\":{\"@id\":\"https:\\\/\\\/seasidegolftours.se\\\/#website\"},\"primaryImageOfPage\":{\"@id\":\"https:\\\/\\\/seasidegolftours.se\\\/skottland-golf\\\/east-lothian\\\/the-glen\\\/#primaryimage\"},\"image\":{\"@id\":\"https:\\\/\\\/seasidegolftours.se\\\/skottland-golf\\\/east-lothian\\\/the-glen\\\/#primaryimage\"},\"thumbnailUrl\":\"https:\\\/\\\/seasidegolftours.se\\\/wp-content\\\/uploads\\\/the-glen.jpg\",\"datePublished\":\"2019-06-30T14:49:32+00:00\",\"dateModified\":\"2023-05-04T09:42:51+00:00\",\"description\":\"The Glen GC \u00e4r en av v\u00e5ra favoriter i East Lothian! N\u00e4r du bokar en golfresa till North Berwick i Skottland rekommenderar vi ett bes\u00f6k h\u00e4r.\",\"breadcrumb\":{\"@id\":\"https:\\\/\\\/seasidegolftours.se\\\/skottland-golf\\\/east-lothian\\\/the-glen\\\/#breadcrumb\"},\"inLanguage\":\"en-GB\",\"potentialAction\":[{\"@type\":\"ReadAction\",\"target\":[\"https:\\\/\\\/seasidegolftours.se\\\/skottland-golf\\\/east-lothian\\\/the-glen\\\/\"]}]},{\"@type\":\"ImageObject\",\"inLanguage\":\"en-GB\",\"@id\":\"https:\\\/\\\/seasidegolftours.se\\\/skottland-golf\\\/east-lothian\\\/the-glen\\\/#primaryimage\",\"url\":\"https:\\\/\\\/seasidegolftours.se\\\/wp-content\\\/uploads\\\/the-glen.jpg\",\"contentUrl\":\"https:\\\/\\\/seasidegolftours.se\\\/wp-content\\\/uploads\\\/the-glen.jpg\",\"width\":1200,\"height\":800},{\"@type\":\"BreadcrumbList\",\"@id\":\"https:\\\/\\\/seasidegolftours.se\\\/skottland-golf\\\/east-lothian\\\/the-glen\\\/#breadcrumb\",\"itemListElement\":[{\"@type\":\"ListItem\",\"position\":1,\"name\":\"Home\",\"item\":\"https:\\\/\\\/seasidegolftours.se\\\/\"},{\"@type\":\"ListItem\",\"position\":2,\"name\":\"Skottland\",\"item\":\"https:\\\/\\\/seasidegolftours.se\\\/skottland-golf\\\/\"},{\"@type\":\"ListItem\",\"position\":3,\"name\":\"East Lothian\",\"item\":\"https:\\\/\\\/seasidegolftours.se\\\/skottland-golf\\\/east-lothian\\\/\"},{\"@type\":\"ListItem\",\"position\":4,\"name\":\"The Glen\"}]},{\"@type\":\"WebSite\",\"@id\":\"https:\\\/\\\/seasidegolftours.se\\\/#website\",\"url\":\"https:\\\/\\\/seasidegolftours.se\\\/\",\"name\":\"Seaside Golf Tours\",\"description\":\"Your Vacation Your Way\",\"publisher\":{\"@id\":\"https:\\\/\\\/seasidegolftours.se\\\/#organization\"},\"potentialAction\":[{\"@type\":\"SearchAction\",\"target\":{\"@type\":\"EntryPoint\",\"urlTemplate\":\"https:\\\/\\\/seasidegolftours.se\\\/?s={search_term_string}\"},\"query-input\":{\"@type\":\"PropertyValueSpecification\",\"valueRequired\":true,\"valueName\":\"search_term_string\"}}],\"inLanguage\":\"en-GB\"},{\"@type\":\"Organization\",\"@id\":\"https:\\\/\\\/seasidegolftours.se\\\/#organization\",\"name\":\"Seaside Golf Tours\",\"url\":\"https:\\\/\\\/seasidegolftours.se\\\/\",\"logo\":{\"@type\":\"ImageObject\",\"inLanguage\":\"en-GB\",\"@id\":\"https:\\\/\\\/seasidegolftours.se\\\/#\\\/schema\\\/logo\\\/image\\\/\",\"url\":\"http:\\\/\\\/seasidegolftours.se\\\/wp-content\\\/uploads\\\/golf-300x105footer.png\",\"contentUrl\":\"http:\\\/\\\/seasidegolftours.se\\\/wp-content\\\/uploads\\\/golf-300x105footer.png\",\"width\":300,\"height\":105,\"caption\":\"Seaside Golf Tours\"},\"image\":{\"@id\":\"https:\\\/\\\/seasidegolftours.se\\\/#\\\/schema\\\/logo\\\/image\\\/\"},\"sameAs\":[\"https:\\\/\\\/www.facebook.com\\\/seasidegolftourssverige\\\/\",\"https:\\\/\\\/x.com\\\/seasidegolftour\",\"https:\\\/\\\/www.instagram.com\\\/seasidegolftours\\\/\"]}]}<\/script>\n<!-- \/ Yoast SEO plugin. -->","yoast_head_json":{"title":"The Glen - Golfpaket till East Lothian","description":"The Glen GC \u00e4r en av v\u00e5ra favoriter i East Lothian! N\u00e4r du bokar en golfresa till North Berwick i Skottland rekommenderar vi ett bes\u00f6k h\u00e4r.","robots":{"index":"index","follow":"follow","max-snippet":"max-snippet:-1","max-image-preview":"max-image-preview:large","max-video-preview":"max-video-preview:-1"},"canonical":"https:\/\/seasidegolftours.se\/en\/skottland-golf\/east-lothian\/the-glen\/","og_locale":"en_GB","og_type":"article","og_title":"The Glen - Golfpaket till East Lothian","og_description":"The Glen GC \u00e4r en av v\u00e5ra favoriter i East Lothian! N\u00e4r du bokar en golfresa till North Berwick i Skottland rekommenderar vi ett bes\u00f6k h\u00e4r.","og_url":"https:\/\/seasidegolftours.se\/en\/skottland-golf\/east-lothian\/the-glen\/","og_site_name":"Seaside Golf Tours","article_publisher":"https:\/\/www.facebook.com\/seasidegolftourssverige\/","article_modified_time":"2023-05-04T09:42:51+00:00","og_image":[{"width":1200,"height":800,"url":"http:\/\/seasidegolftours.se\/wp-content\/uploads\/the-glen.jpg","type":"image\/jpeg"}],"twitter_card":"summary_large_image","twitter_site":"@seasidegolftour","twitter_misc":{"Estimated reading time":"1 minute"},"schema":{"@context":"https:\/\/schema.org","@graph":[{"@type":"WebPage","@id":"https:\/\/seasidegolftours.se\/skottland-golf\/east-lothian\/the-glen\/","url":"https:\/\/seasidegolftours.se\/skottland-golf\/east-lothian\/the-glen\/","name":"The Glen - Golfpaket till East Lothian","isPartOf":{"@id":"https:\/\/seasidegolftours.se\/#website"},"primaryImageOfPage":{"@id":"https:\/\/seasidegolftours.se\/skottland-golf\/east-lothian\/the-glen\/#primaryimage"},"image":{"@id":"https:\/\/seasidegolftours.se\/skottland-golf\/east-lothian\/the-glen\/#primaryimage"},"thumbnailUrl":"https:\/\/seasidegolftours.se\/wp-content\/uploads\/the-glen.jpg","datePublished":"2019-06-30T14:49:32+00:00","dateModified":"2023-05-04T09:42:51+00:00","description":"The Glen GC \u00e4r en av v\u00e5ra favoriter i East Lothian! N\u00e4r du bokar en golfresa till North Berwick i Skottland rekommenderar vi ett bes\u00f6k h\u00e4r.","breadcrumb":{"@id":"https:\/\/seasidegolftours.se\/skottland-golf\/east-lothian\/the-glen\/#breadcrumb"},"inLanguage":"en-GB","potentialAction":[{"@type":"ReadAction","target":["https:\/\/seasidegolftours.se\/skottland-golf\/east-lothian\/the-glen\/"]}]},{"@type":"ImageObject","inLanguage":"en-GB","@id":"https:\/\/seasidegolftours.se\/skottland-golf\/east-lothian\/the-glen\/#primaryimage","url":"https:\/\/seasidegolftours.se\/wp-content\/uploads\/the-glen.jpg","contentUrl":"https:\/\/seasidegolftours.se\/wp-content\/uploads\/the-glen.jpg","width":1200,"height":800},{"@type":"BreadcrumbList","@id":"https:\/\/seasidegolftours.se\/skottland-golf\/east-lothian\/the-glen\/#breadcrumb","itemListElement":[{"@type":"ListItem","position":1,"name":"Home","item":"https:\/\/seasidegolftours.se\/"},{"@type":"ListItem","position":2,"name":"Skottland","item":"https:\/\/seasidegolftours.se\/skottland-golf\/"},{"@type":"ListItem","position":3,"name":"East Lothian","item":"https:\/\/seasidegolftours.se\/skottland-golf\/east-lothian\/"},{"@type":"ListItem","position":4,"name":"The Glen"}]},{"@type":"WebSite","@id":"https:\/\/seasidegolftours.se\/#website","url":"https:\/\/seasidegolftours.se\/","name":"Seaside Golf Tours","description":"Your Vacation Your Way","publisher":{"@id":"https:\/\/seasidegolftours.se\/#organization"},"potentialAction":[{"@type":"SearchAction","target":{"@type":"EntryPoint","urlTemplate":"https:\/\/seasidegolftours.se\/?s={search_term_string}"},"query-input":{"@type":"PropertyValueSpecification","valueRequired":true,"valueName":"search_term_string"}}],"inLanguage":"en-GB"},{"@type":"Organization","@id":"https:\/\/seasidegolftours.se\/#organization","name":"Seaside Golf Tours","url":"https:\/\/seasidegolftours.se\/","logo":{"@type":"ImageObject","inLanguage":"en-GB","@id":"https:\/\/seasidegolftours.se\/#\/schema\/logo\/image\/","url":"http:\/\/seasidegolftours.se\/wp-content\/uploads\/golf-300x105footer.png","contentUrl":"http:\/\/seasidegolftours.se\/wp-content\/uploads\/golf-300x105footer.png","width":300,"height":105,"caption":"Seaside Golf Tours"},"image":{"@id":"https:\/\/seasidegolftours.se\/#\/schema\/logo\/image\/"},"sameAs":["https:\/\/www.facebook.com\/seasidegolftourssverige\/","https:\/\/x.com\/seasidegolftour","https:\/\/www.instagram.com\/seasidegolftours\/"]}]}},"_links":{"self":[{"href":"https:\/\/seasidegolftours.se\/en\/wp-json\/wp\/v2\/pages\/47092","targetHints":{"allow":["GET"]}}],"collection":[{"href":"https:\/\/seasidegolftours.se\/en\/wp-json\/wp\/v2\/pages"}],"about":[{"href":"https:\/\/seasidegolftours.se\/en\/wp-json\/wp\/v2\/types\/page"}],"author":[{"embeddable":true,"href":"https:\/\/seasidegolftours.se\/en\/wp-json\/wp\/v2\/users\/4"}],"replies":[{"embeddable":true,"href":"https:\/\/seasidegolftours.se\/en\/wp-json\/wp\/v2\/comments?post=47092"}],"version-history":[{"count":13,"href":"https:\/\/seasidegolftours.se\/en\/wp-json\/wp\/v2\/pages\/47092\/revisions"}],"predecessor-version":[{"id":250592,"href":"https:\/\/seasidegolftours.se\/en\/wp-json\/wp\/v2\/pages\/47092\/revisions\/250592"}],"up":[{"embeddable":true,"href":"https:\/\/seasidegolftours.se\/en\/wp-json\/wp\/v2\/pages\/250726"}],"wp:featuredmedia":[{"embeddable":true,"href":"https:\/\/seasidegolftours.se\/en\/wp-json\/wp\/v2\/media\/249235"}],"wp:attachment":[{"href":"https:\/\/seasidegolftours.se\/en\/wp-json\/wp\/v2\/media?parent=47092"}],"curies":[{"name":"wp","href":"https:\/\/api.w.org\/{rel}","templated":true}]}}