{"id":251123,"date":"2023-08-30T11:31:32","date_gmt":"2023-08-30T12:31:32","guid":{"rendered":"https:\/\/seasidegolftours.se\/?page_id=251123"},"modified":"2025-06-26T12:24:42","modified_gmt":"2025-06-26T13:24:42","slug":"temaresor","status":"publish","type":"page","link":"https:\/\/seasidegolftours.se\/en\/golfresor-golfpaket\/temaresor\/","title":{"rendered":"Trips"},"content":{"rendered":"<div data-elementor-type=\"wp-page\" data-elementor-id=\"251123\" class=\"elementor elementor-251123\" data-elementor-post-type=\"page\">\n\t\t\t\t\t\t<section class=\"elementor-section elementor-top-section elementor-element elementor-element-60f354c elementor-section-full_width elementor-section-height-default elementor-section-height-default\" data-id=\"60f354c\" data-element_type=\"section\" data-e-type=\"section\" data-settings=\"{&quot;background_background&quot;:&quot;classic&quot;}\">\n\t\t\t\t\t\t<div class=\"elementor-container elementor-column-gap-default\">\n\t\t\t\t\t<div class=\"elementor-column elementor-col-100 elementor-top-column elementor-element elementor-element-9e4a5fc\" data-id=\"9e4a5fc\" data-element_type=\"column\" data-e-type=\"column\">\n\t\t\t<div class=\"elementor-widget-wrap elementor-element-populated\">\n\t\t\t\t\t\t<div class=\"elementor-element elementor-element-a30bf79 elementor-widget elementor-widget-heading\" data-id=\"a30bf79\" data-element_type=\"widget\" data-e-type=\"widget\" data-widget_type=\"heading.default\">\n\t\t\t\t<div class=\"elementor-widget-container\">\n\t\t\t\t\t<h1 class=\"elementor-heading-title elementor-size-default\">TEMARESOR<\/h1>\t\t\t\t<\/div>\n\t\t\t\t<\/div>\n\t\t\t\t\t<\/div>\n\t\t<\/div>\n\t\t\t\t\t<\/div>\n\t\t<\/section>\n\t\t\t\t<section class=\"elementor-section elementor-top-section elementor-element elementor-element-1ae6c871 elementor-section-boxed elementor-section-height-default elementor-section-height-default\" data-id=\"1ae6c871\" data-element_type=\"section\" data-e-type=\"section\">\n\t\t\t\t\t\t<div class=\"elementor-container elementor-column-gap-default\">\n\t\t\t\t\t<div class=\"elementor-column elementor-col-100 elementor-top-column elementor-element elementor-element-3f12683d\" data-id=\"3f12683d\" data-element_type=\"column\" data-e-type=\"column\">\n\t\t\t<div class=\"elementor-widget-wrap elementor-element-populated\">\n\t\t\t\t\t\t<div class=\"elementor-element elementor-element-376d3394 elementor-widget elementor-widget-heading\" data-id=\"376d3394\" data-element_type=\"widget\" data-e-type=\"widget\" data-widget_type=\"heading.default\">\n\t\t\t\t<div class=\"elementor-widget-container\">\n\t\t\t\t\t<h2 class=\"elementor-heading-title elementor-size-default\">H\u00d6GL\u00c4NDERNA - GOLF &amp; WHISKY, DEN PERFEKTA KOMBINATIONEN?<\/h2>\t\t\t\t<\/div>\n\t\t\t\t<\/div>\n\t\t\t\t<div class=\"elementor-element elementor-element-15e9b8b5 elementor-widget elementor-widget-heading\" data-id=\"15e9b8b5\" data-element_type=\"widget\" data-e-type=\"widget\" data-widget_type=\"heading.default\">\n\t\t\t\t<div class=\"elementor-widget-container\">\n\t\t\t\t\t<h2 class=\"elementor-heading-title elementor-size-large\">27 SEPTEMBER TILL 4 OKTOBER 2025<\/h2>\t\t\t\t<\/div>\n\t\t\t\t<\/div>\n\t\t\t\t<section class=\"elementor-section elementor-inner-section elementor-element elementor-element-4706652 elementor-section-boxed elementor-section-height-default elementor-section-height-default\" data-id=\"4706652\" data-element_type=\"section\" data-e-type=\"section\">\n\t\t\t\t\t\t<div class=\"elementor-container elementor-column-gap-default\">\n\t\t\t\t\t<div class=\"elementor-column elementor-col-50 elementor-inner-column elementor-element elementor-element-adeea46\" data-id=\"adeea46\" data-element_type=\"column\" data-e-type=\"column\">\n\t\t\t<div class=\"elementor-widget-wrap elementor-element-populated\">\n\t\t\t\t\t\t<div class=\"elementor-element elementor-element-9fa4904 elementor-widget__width-initial elementor-widget elementor-widget-image\" data-id=\"9fa4904\" data-element_type=\"widget\" data-e-type=\"widget\" data-widget_type=\"image.default\">\n\t\t\t\t<div class=\"elementor-widget-container\">\n\t\t\t\t\t\t\t\t\t\t\t\t\t\t\t<img fetchpriority=\"high\" decoding=\"async\" width=\"1200\" height=\"720\" src=\"https:\/\/seasidegolftours.se\/wp-content\/uploads\/Hole-14-2-Old-Course.jpg\" class=\"attachment-large size-large wp-image-49982\" alt=\"Royal Troon 14e h\u00e5let\" srcset=\"https:\/\/seasidegolftours.se\/wp-content\/uploads\/\/Hole-14-2-Old-Course.jpg 1200w, https:\/\/seasidegolftours.se\/wp-content\/uploads\/\/Hole-14-2-Old-Course-600x360.jpg 600w\" sizes=\"(max-width: 1200px) 100vw, 1200px\" \/>\t\t\t\t\t\t\t\t\t\t\t\t\t\t\t<\/div>\n\t\t\t\t<\/div>\n\t\t\t\t\t<\/div>\n\t\t<\/div>\n\t\t\t\t<div class=\"elementor-column elementor-col-50 elementor-inner-column elementor-element elementor-element-707da436\" data-id=\"707da436\" data-element_type=\"column\" data-e-type=\"column\">\n\t\t\t<div class=\"elementor-widget-wrap elementor-element-populated\">\n\t\t\t\t\t\t<div class=\"elementor-element elementor-element-38d8f2bd elementor-widget elementor-widget-text-editor\" data-id=\"38d8f2bd\" data-element_type=\"widget\" data-e-type=\"widget\" data-widget_type=\"text-editor.default\">\n\t\t\t\t<div class=\"elementor-widget-container\">\n\t\t\t\t\t\t\t\t\t<p><span style=\"font-size: 16.56px;\">Som specialister p\u00e5 golfresor till Storbritannien och Irland kan vi nu erbjuda denna fantastiska temaresa till de vackra h\u00f6gl\u00e4nderna i norra Skottland! Mer information kommer snart men h\u00f6r g\u00e4rna av er om ni \u00e4r intresserade, v<\/span><span style=\"font-family: var( --e-global-typography-ea0f6b8-font-family ), Sans-serif; font-weight: var( --e-global-typography-ea0f6b8-font-weight ); letter-spacing: var( --e-global-typography-ea0f6b8-letter-spacing ); word-spacing: var( --e-global-typography-ea0f6b8-word-spacing ); background-color: var(--nv-site-bg); text-transform: var(--bodytexttransform);\">i har plats f\u00f6r max 20 personer p\u00e5 denna exklusiva resa och vet av erfarenhet av platserna fylls fort.<\/span><\/p>\t\t\t\t\t\t\t\t<\/div>\n\t\t\t\t<\/div>\n\t\t\t\t\t<\/div>\n\t\t<\/div>\n\t\t\t\t\t<\/div>\n\t\t<\/section>\n\t\t\t\t\t<\/div>\n\t\t<\/div>\n\t\t\t\t\t<\/div>\n\t\t<\/section>\n\t\t\t\t<section class=\"elementor-section elementor-top-section elementor-element elementor-element-42a78a2 elementor-section-boxed elementor-section-height-default elementor-section-height-default\" data-id=\"42a78a2\" data-element_type=\"section\" data-e-type=\"section\">\n\t\t\t\t\t\t<div class=\"elementor-container elementor-column-gap-default\">\n\t\t\t\t\t<div class=\"elementor-column elementor-col-100 elementor-top-column elementor-element elementor-element-3e6fbcd\" data-id=\"3e6fbcd\" data-element_type=\"column\" data-e-type=\"column\">\n\t\t\t<div class=\"elementor-widget-wrap elementor-element-populated\">\n\t\t\t\t\t\t<div class=\"elementor-element elementor-element-82f749b elementor-widget elementor-widget-heading\" data-id=\"82f749b\" data-element_type=\"widget\" data-e-type=\"widget\" data-widget_type=\"heading.default\">\n\t\t\t\t<div class=\"elementor-widget-container\">\n\t\t\t\t\t<h2 class=\"elementor-heading-title elementor-size-default\">SISTA ANM\u00c4LNINGSDAG 31 OKTOBER 2024<\/h2>\t\t\t\t<\/div>\n\t\t\t\t<\/div>\n\t\t\t\t\t<\/div>\n\t\t<\/div>\n\t\t\t\t\t<\/div>\n\t\t<\/section>\n\t\t\t\t<\/div>","protected":false},"excerpt":{"rendered":"<p>TEMARESOR H\u00d6GL\u00c4NDERNA &#8211; GOLF &amp; WHISKY, DEN PERFEKTA KOMBINATIONEN? 27 SEPTEMBER TILL 4 OKTOBER 2025 Som specialister p\u00e5 golfresor till Storbritannien och Irland kan vi nu erbjuda denna fantastiska temaresa till de vackra h\u00f6gl\u00e4nderna i norra Skottland! Mer information kommer snart men h\u00f6r g\u00e4rna av er om ni \u00e4r intresserade, vi har plats f\u00f6r max&hellip;&nbsp;<a href=\"https:\/\/seasidegolftours.se\/en\/golfresor-golfpaket\/temaresor\/\" rel=\"bookmark\">Read More &raquo;<span class=\"screen-reader-text\">Trips<\/span><\/a><\/p>","protected":false},"author":4,"featured_media":49978,"parent":250432,"menu_order":0,"comment_status":"closed","ping_status":"closed","template":"elementor_header_footer","meta":{"neve_meta_sidebar":"","neve_meta_container":"","neve_meta_enable_content_width":"","neve_meta_content_width":0,"neve_meta_title_alignment":"","neve_meta_author_avatar":"","neve_post_elements_order":"","neve_meta_disable_header":"","neve_meta_disable_footer":"","neve_meta_disable_title":"","footnotes":""},"class_list":["post-251123","page","type-page","status-publish","has-post-thumbnail","hentry"],"yoast_head":"<!-- This site is optimized with the Yoast SEO plugin v27.4 - https:\/\/yoast.com\/product\/yoast-seo-wordpress\/ -->\n<title>Golf Temaresor - 2024 Ayrshire<\/title>\n<meta name=\"description\" content=\"V\u00e5r Temaresa 2024 g\u00e5r till Ayrshire d\u00e4r vi spelar i The Opens fotsp\u00e5r p\u00e5 bland annat Royal Troon. Vi blandar fantastisk links golf med god mat, sightseeing och sj\u00e4lvklart ett bes\u00f6k p\u00e5 ett whiskydistilleri!\" \/>\n<meta name=\"robots\" content=\"index, follow, max-snippet:-1, max-image-preview:large, max-video-preview:-1\" \/>\n<link rel=\"canonical\" href=\"https:\/\/seasidegolftours.se\/en\/golfresor-golfpaket\/temaresor\/\" \/>\n<meta property=\"og:locale\" content=\"en_GB\" \/>\n<meta property=\"og:type\" content=\"article\" \/>\n<meta property=\"og:title\" content=\"Golf Temaresor - 2024 Ayrshire\" \/>\n<meta property=\"og:description\" content=\"V\u00e5r Temaresa 2024 g\u00e5r till Ayrshire d\u00e4r vi spelar i The Opens fotsp\u00e5r p\u00e5 bland annat Royal Troon. Vi blandar fantastisk links golf med god mat, sightseeing och sj\u00e4lvklart ett bes\u00f6k p\u00e5 ett whiskydistilleri!\" \/>\n<meta property=\"og:url\" content=\"https:\/\/seasidegolftours.se\/en\/golfresor-golfpaket\/temaresor\/\" \/>\n<meta property=\"og:site_name\" content=\"Seaside Golf Tours\" \/>\n<meta property=\"article:publisher\" content=\"https:\/\/www.facebook.com\/seasidegolftourssverige\/\" \/>\n<meta property=\"article:modified_time\" content=\"2025-06-26T13:24:42+00:00\" \/>\n<meta property=\"og:image\" content=\"http:\/\/seasidegolftours.se\/wp-content\/uploads\/Hole-6-2-Old-Course.jpg\" \/>\n\t<meta property=\"og:image:width\" content=\"1200\" \/>\n\t<meta property=\"og:image:height\" content=\"720\" \/>\n\t<meta property=\"og:image:type\" content=\"image\/jpeg\" \/>\n<meta name=\"twitter:card\" content=\"summary_large_image\" \/>\n<meta name=\"twitter:site\" content=\"@seasidegolftour\" \/>\n<meta name=\"twitter:label1\" content=\"Estimated reading time\" \/>\n\t<meta name=\"twitter:data1\" content=\"1 minute\" \/>\n<script type=\"application\/ld+json\" class=\"yoast-schema-graph\">{\"@context\":\"https:\\\/\\\/schema.org\",\"@graph\":[{\"@type\":\"WebPage\",\"@id\":\"https:\\\/\\\/seasidegolftours.se\\\/golfresor-golfpaket\\\/temaresor\\\/\",\"url\":\"https:\\\/\\\/seasidegolftours.se\\\/golfresor-golfpaket\\\/temaresor\\\/\",\"name\":\"Golf Temaresor - 2024 Ayrshire\",\"isPartOf\":{\"@id\":\"https:\\\/\\\/seasidegolftours.se\\\/#website\"},\"primaryImageOfPage\":{\"@id\":\"https:\\\/\\\/seasidegolftours.se\\\/golfresor-golfpaket\\\/temaresor\\\/#primaryimage\"},\"image\":{\"@id\":\"https:\\\/\\\/seasidegolftours.se\\\/golfresor-golfpaket\\\/temaresor\\\/#primaryimage\"},\"thumbnailUrl\":\"https:\\\/\\\/seasidegolftours.se\\\/wp-content\\\/uploads\\\/Hole-6-2-Old-Course.jpg\",\"datePublished\":\"2023-08-30T12:31:32+00:00\",\"dateModified\":\"2025-06-26T13:24:42+00:00\",\"description\":\"V\u00e5r Temaresa 2024 g\u00e5r till Ayrshire d\u00e4r vi spelar i The Opens fotsp\u00e5r p\u00e5 bland annat Royal Troon. Vi blandar fantastisk links golf med god mat, sightseeing och sj\u00e4lvklart ett bes\u00f6k p\u00e5 ett whiskydistilleri!\",\"breadcrumb\":{\"@id\":\"https:\\\/\\\/seasidegolftours.se\\\/golfresor-golfpaket\\\/temaresor\\\/#breadcrumb\"},\"inLanguage\":\"en-GB\",\"potentialAction\":[{\"@type\":\"ReadAction\",\"target\":[\"https:\\\/\\\/seasidegolftours.se\\\/golfresor-golfpaket\\\/temaresor\\\/\"]}]},{\"@type\":\"ImageObject\",\"inLanguage\":\"en-GB\",\"@id\":\"https:\\\/\\\/seasidegolftours.se\\\/golfresor-golfpaket\\\/temaresor\\\/#primaryimage\",\"url\":\"https:\\\/\\\/seasidegolftours.se\\\/wp-content\\\/uploads\\\/Hole-6-2-Old-Course.jpg\",\"contentUrl\":\"https:\\\/\\\/seasidegolftours.se\\\/wp-content\\\/uploads\\\/Hole-6-2-Old-Course.jpg\",\"width\":1200,\"height\":720,\"caption\":\"Royal Troon 6an utmed havet\"},{\"@type\":\"BreadcrumbList\",\"@id\":\"https:\\\/\\\/seasidegolftours.se\\\/golfresor-golfpaket\\\/temaresor\\\/#breadcrumb\",\"itemListElement\":[{\"@type\":\"ListItem\",\"position\":1,\"name\":\"Home\",\"item\":\"https:\\\/\\\/seasidegolftours.se\\\/\"},{\"@type\":\"ListItem\",\"position\":2,\"name\":\"Golfresor\",\"item\":\"https:\\\/\\\/seasidegolftours.se\\\/golfresor-golfpaket\\\/\"},{\"@type\":\"ListItem\",\"position\":3,\"name\":\"Temaresor\"}]},{\"@type\":\"WebSite\",\"@id\":\"https:\\\/\\\/seasidegolftours.se\\\/#website\",\"url\":\"https:\\\/\\\/seasidegolftours.se\\\/\",\"name\":\"Seaside Golf Tours\",\"description\":\"Your Vacation Your Way\",\"publisher\":{\"@id\":\"https:\\\/\\\/seasidegolftours.se\\\/#organization\"},\"potentialAction\":[{\"@type\":\"SearchAction\",\"target\":{\"@type\":\"EntryPoint\",\"urlTemplate\":\"https:\\\/\\\/seasidegolftours.se\\\/?s={search_term_string}\"},\"query-input\":{\"@type\":\"PropertyValueSpecification\",\"valueRequired\":true,\"valueName\":\"search_term_string\"}}],\"inLanguage\":\"en-GB\"},{\"@type\":\"Organization\",\"@id\":\"https:\\\/\\\/seasidegolftours.se\\\/#organization\",\"name\":\"Seaside Golf Tours\",\"url\":\"https:\\\/\\\/seasidegolftours.se\\\/\",\"logo\":{\"@type\":\"ImageObject\",\"inLanguage\":\"en-GB\",\"@id\":\"https:\\\/\\\/seasidegolftours.se\\\/#\\\/schema\\\/logo\\\/image\\\/\",\"url\":\"http:\\\/\\\/seasidegolftours.se\\\/wp-content\\\/uploads\\\/golf-300x105footer.png\",\"contentUrl\":\"http:\\\/\\\/seasidegolftours.se\\\/wp-content\\\/uploads\\\/golf-300x105footer.png\",\"width\":300,\"height\":105,\"caption\":\"Seaside Golf Tours\"},\"image\":{\"@id\":\"https:\\\/\\\/seasidegolftours.se\\\/#\\\/schema\\\/logo\\\/image\\\/\"},\"sameAs\":[\"https:\\\/\\\/www.facebook.com\\\/seasidegolftourssverige\\\/\",\"https:\\\/\\\/x.com\\\/seasidegolftour\",\"https:\\\/\\\/www.instagram.com\\\/seasidegolftours\\\/\"]}]}<\/script>\n<!-- \/ Yoast SEO plugin. -->","yoast_head_json":{"title":"Golf Temaresor - 2024 Ayrshire","description":"V\u00e5r Temaresa 2024 g\u00e5r till Ayrshire d\u00e4r vi spelar i The Opens fotsp\u00e5r p\u00e5 bland annat Royal Troon. Vi blandar fantastisk links golf med god mat, sightseeing och sj\u00e4lvklart ett bes\u00f6k p\u00e5 ett whiskydistilleri!","robots":{"index":"index","follow":"follow","max-snippet":"max-snippet:-1","max-image-preview":"max-image-preview:large","max-video-preview":"max-video-preview:-1"},"canonical":"https:\/\/seasidegolftours.se\/en\/golfresor-golfpaket\/temaresor\/","og_locale":"en_GB","og_type":"article","og_title":"Golf Temaresor - 2024 Ayrshire","og_description":"V\u00e5r Temaresa 2024 g\u00e5r till Ayrshire d\u00e4r vi spelar i The Opens fotsp\u00e5r p\u00e5 bland annat Royal Troon. Vi blandar fantastisk links golf med god mat, sightseeing och sj\u00e4lvklart ett bes\u00f6k p\u00e5 ett whiskydistilleri!","og_url":"https:\/\/seasidegolftours.se\/en\/golfresor-golfpaket\/temaresor\/","og_site_name":"Seaside Golf Tours","article_publisher":"https:\/\/www.facebook.com\/seasidegolftourssverige\/","article_modified_time":"2025-06-26T13:24:42+00:00","og_image":[{"width":1200,"height":720,"url":"http:\/\/seasidegolftours.se\/wp-content\/uploads\/Hole-6-2-Old-Course.jpg","type":"image\/jpeg"}],"twitter_card":"summary_large_image","twitter_site":"@seasidegolftour","twitter_misc":{"Estimated reading time":"1 minute"},"schema":{"@context":"https:\/\/schema.org","@graph":[{"@type":"WebPage","@id":"https:\/\/seasidegolftours.se\/golfresor-golfpaket\/temaresor\/","url":"https:\/\/seasidegolftours.se\/golfresor-golfpaket\/temaresor\/","name":"Golf Temaresor - 2024 Ayrshire","isPartOf":{"@id":"https:\/\/seasidegolftours.se\/#website"},"primaryImageOfPage":{"@id":"https:\/\/seasidegolftours.se\/golfresor-golfpaket\/temaresor\/#primaryimage"},"image":{"@id":"https:\/\/seasidegolftours.se\/golfresor-golfpaket\/temaresor\/#primaryimage"},"thumbnailUrl":"https:\/\/seasidegolftours.se\/wp-content\/uploads\/Hole-6-2-Old-Course.jpg","datePublished":"2023-08-30T12:31:32+00:00","dateModified":"2025-06-26T13:24:42+00:00","description":"V\u00e5r Temaresa 2024 g\u00e5r till Ayrshire d\u00e4r vi spelar i The Opens fotsp\u00e5r p\u00e5 bland annat Royal Troon. Vi blandar fantastisk links golf med god mat, sightseeing och sj\u00e4lvklart ett bes\u00f6k p\u00e5 ett whiskydistilleri!","breadcrumb":{"@id":"https:\/\/seasidegolftours.se\/golfresor-golfpaket\/temaresor\/#breadcrumb"},"inLanguage":"en-GB","potentialAction":[{"@type":"ReadAction","target":["https:\/\/seasidegolftours.se\/golfresor-golfpaket\/temaresor\/"]}]},{"@type":"ImageObject","inLanguage":"en-GB","@id":"https:\/\/seasidegolftours.se\/golfresor-golfpaket\/temaresor\/#primaryimage","url":"https:\/\/seasidegolftours.se\/wp-content\/uploads\/Hole-6-2-Old-Course.jpg","contentUrl":"https:\/\/seasidegolftours.se\/wp-content\/uploads\/Hole-6-2-Old-Course.jpg","width":1200,"height":720,"caption":"Royal Troon 6an utmed havet"},{"@type":"BreadcrumbList","@id":"https:\/\/seasidegolftours.se\/golfresor-golfpaket\/temaresor\/#breadcrumb","itemListElement":[{"@type":"ListItem","position":1,"name":"Home","item":"https:\/\/seasidegolftours.se\/"},{"@type":"ListItem","position":2,"name":"Golfresor","item":"https:\/\/seasidegolftours.se\/golfresor-golfpaket\/"},{"@type":"ListItem","position":3,"name":"Temaresor"}]},{"@type":"WebSite","@id":"https:\/\/seasidegolftours.se\/#website","url":"https:\/\/seasidegolftours.se\/","name":"Seaside Golf Tours","description":"Your Vacation Your Way","publisher":{"@id":"https:\/\/seasidegolftours.se\/#organization"},"potentialAction":[{"@type":"SearchAction","target":{"@type":"EntryPoint","urlTemplate":"https:\/\/seasidegolftours.se\/?s={search_term_string}"},"query-input":{"@type":"PropertyValueSpecification","valueRequired":true,"valueName":"search_term_string"}}],"inLanguage":"en-GB"},{"@type":"Organization","@id":"https:\/\/seasidegolftours.se\/#organization","name":"Seaside Golf Tours","url":"https:\/\/seasidegolftours.se\/","logo":{"@type":"ImageObject","inLanguage":"en-GB","@id":"https:\/\/seasidegolftours.se\/#\/schema\/logo\/image\/","url":"http:\/\/seasidegolftours.se\/wp-content\/uploads\/golf-300x105footer.png","contentUrl":"http:\/\/seasidegolftours.se\/wp-content\/uploads\/golf-300x105footer.png","width":300,"height":105,"caption":"Seaside Golf Tours"},"image":{"@id":"https:\/\/seasidegolftours.se\/#\/schema\/logo\/image\/"},"sameAs":["https:\/\/www.facebook.com\/seasidegolftourssverige\/","https:\/\/x.com\/seasidegolftour","https:\/\/www.instagram.com\/seasidegolftours\/"]}]}},"_links":{"self":[{"href":"https:\/\/seasidegolftours.se\/en\/wp-json\/wp\/v2\/pages\/251123","targetHints":{"allow":["GET"]}}],"collection":[{"href":"https:\/\/seasidegolftours.se\/en\/wp-json\/wp\/v2\/pages"}],"about":[{"href":"https:\/\/seasidegolftours.se\/en\/wp-json\/wp\/v2\/types\/page"}],"author":[{"embeddable":true,"href":"https:\/\/seasidegolftours.se\/en\/wp-json\/wp\/v2\/users\/4"}],"replies":[{"embeddable":true,"href":"https:\/\/seasidegolftours.se\/en\/wp-json\/wp\/v2\/comments?post=251123"}],"version-history":[{"count":56,"href":"https:\/\/seasidegolftours.se\/en\/wp-json\/wp\/v2\/pages\/251123\/revisions"}],"predecessor-version":[{"id":251291,"href":"https:\/\/seasidegolftours.se\/en\/wp-json\/wp\/v2\/pages\/251123\/revisions\/251291"}],"up":[{"embeddable":true,"href":"https:\/\/seasidegolftours.se\/en\/wp-json\/wp\/v2\/pages\/250432"}],"wp:featuredmedia":[{"embeddable":true,"href":"https:\/\/seasidegolftours.se\/en\/wp-json\/wp\/v2\/media\/49978"}],"wp:attachment":[{"href":"https:\/\/seasidegolftours.se\/en\/wp-json\/wp\/v2\/media?parent=251123"}],"curies":[{"name":"wp","href":"https:\/\/api.w.org\/{rel}","templated":true}]}}