{"id":248778,"date":"2022-03-15T11:48:47","date_gmt":"2022-03-15T12:48:47","guid":{"rendered":"http:\/\/seasidegolftours.se\/?page_id=248778"},"modified":"2025-03-03T12:47:57","modified_gmt":"2025-03-03T13:47:57","slug":"blogg","status":"publish","type":"page","link":"https:\/\/seasidegolftours.se\/en\/blogg\/","title":{"rendered":"Inspiration"},"content":{"rendered":"<div data-elementor-type=\"wp-page\" data-elementor-id=\"248778\" class=\"elementor elementor-248778\" data-elementor-post-type=\"page\">\n\t\t\t\t\t\t<section class=\"elementor-section elementor-top-section elementor-element elementor-element-d5eaacb elementor-section-boxed elementor-section-height-default elementor-section-height-default\" data-id=\"d5eaacb\" data-element_type=\"section\" data-e-type=\"section\">\n\t\t\t\t\t\t\t<div class=\"elementor-background-overlay\"><\/div>\n\t\t\t\t\t\t\t<div class=\"elementor-container elementor-column-gap-default\">\n\t\t\t\t\t<div class=\"elementor-column elementor-col-100 elementor-top-column elementor-element elementor-element-bdd3317\" data-id=\"bdd3317\" data-element_type=\"column\" data-e-type=\"column\">\n\t\t\t<div class=\"elementor-widget-wrap elementor-element-populated\">\n\t\t\t\t\t\t<div class=\"elementor-element elementor-element-326d5f7 elementor-widget elementor-widget-heading\" data-id=\"326d5f7\" data-element_type=\"widget\" data-e-type=\"widget\" data-widget_type=\"heading.default\">\n\t\t\t\t<div class=\"elementor-widget-container\">\n\t\t\t\t\t<h2 class=\"elementor-heading-title elementor-size-default\">INSPIRATION<\/h2>\t\t\t\t<\/div>\n\t\t\t\t<\/div>\n\t\t\t\t\t<\/div>\n\t\t<\/div>\n\t\t\t\t\t<\/div>\n\t\t<\/section>\n\t\t\t\t<section class=\"elementor-section elementor-top-section elementor-element elementor-element-3674df9 elementor-section-boxed elementor-section-height-default elementor-section-height-default\" data-id=\"3674df9\" data-element_type=\"section\" data-e-type=\"section\">\n\t\t\t\t\t\t<div class=\"elementor-container elementor-column-gap-default\">\n\t\t\t\t\t<div class=\"elementor-column elementor-col-100 elementor-top-column elementor-element elementor-element-db9faa5\" data-id=\"db9faa5\" data-element_type=\"column\" data-e-type=\"column\">\n\t\t\t<div class=\"elementor-widget-wrap elementor-element-populated\">\n\t\t\t\t\t\t<div class=\"elementor-element elementor-element-d0ca0bc elementor-grid-3 elementor-grid-tablet-2 elementor-grid-mobile-1 elementor-posts--thumbnail-top elementor-widget elementor-widget-posts\" data-id=\"d0ca0bc\" data-element_type=\"widget\" data-e-type=\"widget\" data-settings=\"{&quot;classic_columns&quot;:&quot;3&quot;,&quot;classic_columns_tablet&quot;:&quot;2&quot;,&quot;classic_columns_mobile&quot;:&quot;1&quot;,&quot;classic_row_gap&quot;:{&quot;unit&quot;:&quot;px&quot;,&quot;size&quot;:35,&quot;sizes&quot;:[]},&quot;classic_row_gap_tablet&quot;:{&quot;unit&quot;:&quot;px&quot;,&quot;size&quot;:&quot;&quot;,&quot;sizes&quot;:[]},&quot;classic_row_gap_mobile&quot;:{&quot;unit&quot;:&quot;px&quot;,&quot;size&quot;:&quot;&quot;,&quot;sizes&quot;:[]}}\" data-widget_type=\"posts.classic\">\n\t\t\t\t<div class=\"elementor-widget-container\">\n\t\t\t\t\t\t\t<div class=\"elementor-posts-container elementor-posts elementor-posts--skin-classic elementor-grid\" role=\"list\">\n\t\t\t\t<article class=\"elementor-post elementor-grid-item post-251460 post type-post status-publish format-standard has-post-thumbnail hentry category-uncategorized\" role=\"listitem\">\n\t\t\t\t<a class=\"elementor-post__thumbnail__link\" href=\"https:\/\/seasidegolftours.se\/en\/sa-planerar-du-den-perfekta-golfresan-till-skottland-5-saker-att-tanka-pa\/\" tabindex=\"-1\" >\n\t\t\t<div class=\"elementor-post__thumbnail\"><img decoding=\"async\" width=\"300\" height=\"122\" src=\"https:\/\/seasidegolftours.se\/wp-content\/uploads\/castle-stuart-4.jpg\" class=\"attachment-medium size-medium wp-image-250078\" alt=\"\" srcset=\"https:\/\/seasidegolftours.se\/wp-content\/uploads\/\/castle-stuart-4.jpg 1920w, https:\/\/seasidegolftours.se\/wp-content\/uploads\/\/castle-stuart-4-600x244.jpg 600w\" sizes=\"(max-width: 300px) 100vw, 300px\" \/><\/div>\n\t\t<\/a>\n\t\t\t\t<div class=\"elementor-post__text\">\n\t\t\t\t<h3 class=\"elementor-post__title\">\n\t\t\t<a href=\"https:\/\/seasidegolftours.se\/en\/sa-planerar-du-den-perfekta-golfresan-till-skottland-5-saker-att-tanka-pa\/\" >\n\t\t\t\tS\u00e5 planerar du den perfekta golfresan till Skottland \u2013 5 saker att t\u00e4nka p\u00e5\t\t\t<\/a>\n\t\t<\/h3>\n\t\t\t\t<div class=\"elementor-post__meta-data\">\n\t\t\t\t\t<span class=\"elementor-post-date\">\n\t\t\t2025-05-15\t\t<\/span>\n\t\t\t\t<\/div>\n\t\t\t\t<div class=\"elementor-post__excerpt\">\n\t\t\t<p>S\u00e5 planerar du den perfekta golfresan till Skottland \u2013 5 saker att t\u00e4nka p\u00e5 Att spela golf i Skottland \u00e4r<\/p>\n\t\t<\/div>\n\t\t\n\t\t<a class=\"elementor-post__read-more\" href=\"https:\/\/seasidegolftours.se\/en\/sa-planerar-du-den-perfekta-golfresan-till-skottland-5-saker-att-tanka-pa\/\" aria-label=\"Read more about S\u00e5 planerar du den perfekta golfresan till Skottland \u2013 5 saker att t\u00e4nka p\u00e5\" tabindex=\"-1\" >\n\t\t\tL\u00e4s Mer \u00bb\t\t<\/a>\n\n\t\t\t\t<\/div>\n\t\t\t\t<\/article>\n\t\t\t\t<article class=\"elementor-post elementor-grid-item post-251435 post type-post status-publish format-standard has-post-thumbnail hentry category-uncategorized\" role=\"listitem\">\n\t\t\t\t<a class=\"elementor-post__thumbnail__link\" href=\"https:\/\/seasidegolftours.se\/en\/golf-och-whiskey-i-skottland\/\" tabindex=\"-1\" >\n\t\t\t<div class=\"elementor-post__thumbnail\"><img decoding=\"async\" width=\"300\" height=\"159\" src=\"https:\/\/seasidegolftours.se\/wp-content\/uploads\/castle-stuart_2617986.jpg\" class=\"attachment-medium size-medium wp-image-250077\" alt=\"Castle Stuart golfbana i skottska h\u00f6gl\u00e4nderna\" srcset=\"https:\/\/seasidegolftours.se\/wp-content\/uploads\/\/castle-stuart_2617986.jpg 660w, https:\/\/seasidegolftours.se\/wp-content\/uploads\/\/castle-stuart_2617986-600x318.jpg 600w\" sizes=\"(max-width: 300px) 100vw, 300px\" \/><\/div>\n\t\t<\/a>\n\t\t\t\t<div class=\"elementor-post__text\">\n\t\t\t\t<h3 class=\"elementor-post__title\">\n\t\t\t<a href=\"https:\/\/seasidegolftours.se\/en\/golf-och-whiskey-i-skottland\/\" >\n\t\t\t\tGolf och Whiskey i de Skotska H\u00f6gl\u00e4nderna\t\t\t<\/a>\n\t\t<\/h3>\n\t\t\t\t<div class=\"elementor-post__meta-data\">\n\t\t\t\t\t<span class=\"elementor-post-date\">\n\t\t\t2025-03-05\t\t<\/span>\n\t\t\t\t<\/div>\n\t\t\t\t<div class=\"elementor-post__excerpt\">\n\t\t\t<p>Golf och Whiskey i de Skotska H\u00f6gl\u00e4nderna: En Of\u00f6rgl\u00f6mlig Upplevelse<br \/>\nDe skotska h\u00f6gl\u00e4nderna \u00e4r en plats som lockar med sin storslagna natur, sina vindlande v\u00e4gar och sin historiska charm. <\/p>\n\t\t<\/div>\n\t\t\n\t\t<a class=\"elementor-post__read-more\" href=\"https:\/\/seasidegolftours.se\/en\/golf-och-whiskey-i-skottland\/\" aria-label=\"Read more about Golf och Whiskey i de Skotska H\u00f6gl\u00e4nderna\" tabindex=\"-1\" >\n\t\t\tL\u00e4s Mer \u00bb\t\t<\/a>\n\n\t\t\t\t<\/div>\n\t\t\t\t<\/article>\n\t\t\t\t<article class=\"elementor-post elementor-grid-item post-251090 post type-post status-publish format-standard has-post-thumbnail hentry category-golf\" role=\"listitem\">\n\t\t\t\t<a class=\"elementor-post__thumbnail__link\" href=\"https:\/\/seasidegolftours.se\/en\/the-open-2023\/\" tabindex=\"-1\" >\n\t\t\t<div class=\"elementor-post__thumbnail\"><img fetchpriority=\"high\" decoding=\"async\" width=\"300\" height=\"200\" src=\"https:\/\/seasidegolftours.se\/wp-content\/uploads\/Royal-Liverpool-17th-green-3.jpg\" class=\"attachment-medium size-medium wp-image-50512\" alt=\"\" srcset=\"https:\/\/seasidegolftours.se\/wp-content\/uploads\/\/Royal-Liverpool-17th-green-3.jpg 1024w, https:\/\/seasidegolftours.se\/wp-content\/uploads\/\/Royal-Liverpool-17th-green-3-600x400.jpg 600w\" sizes=\"(max-width: 300px) 100vw, 300px\" \/><\/div>\n\t\t<\/a>\n\t\t\t\t<div class=\"elementor-post__text\">\n\t\t\t\t<h3 class=\"elementor-post__title\">\n\t\t\t<a href=\"https:\/\/seasidegolftours.se\/en\/the-open-2023\/\" >\n\t\t\t\tThe Open 2023 p\u00e5 Royal Liverpol Hoylake\t\t\t<\/a>\n\t\t<\/h3>\n\t\t\t\t<div class=\"elementor-post__meta-data\">\n\t\t\t\t\t<span class=\"elementor-post-date\">\n\t\t\t2023-06-22\t\t<\/span>\n\t\t\t\t<\/div>\n\t\t\t\t<div class=\"elementor-post__excerpt\">\n\t\t\t<p>Snart \u00e4r det dags f\u00f6r The Open 2023!\u00a0 Ett av de mest framst\u00e5ende evenemangen inom golfsporten \u00e4r &#8221;The Open Championship&#8221;,<\/p>\n\t\t<\/div>\n\t\t\n\t\t<a class=\"elementor-post__read-more\" href=\"https:\/\/seasidegolftours.se\/en\/the-open-2023\/\" aria-label=\"Read more about The Open 2023 p\u00e5 Royal Liverpol Hoylake\" tabindex=\"-1\" >\n\t\t\tL\u00e4s Mer \u00bb\t\t<\/a>\n\n\t\t\t\t<\/div>\n\t\t\t\t<\/article>\n\t\t\t\t<article class=\"elementor-post elementor-grid-item post-248792 post type-post status-publish format-standard has-post-thumbnail hentry category-golf\" role=\"listitem\">\n\t\t\t\t<a class=\"elementor-post__thumbnail__link\" href=\"https:\/\/seasidegolftours.se\/en\/spela-old-course\/\" tabindex=\"-1\" >\n\t\t\t<div class=\"elementor-post__thumbnail\"><img loading=\"lazy\" decoding=\"async\" width=\"300\" height=\"200\" src=\"https:\/\/seasidegolftours.se\/wp-content\/uploads\/st-andrews-old-course-swilcan-bron-wd.jpg\" class=\"attachment-medium size-medium wp-image-248546\" alt=\"st-andrews-old-course-swilcan-bron-wd\" srcset=\"https:\/\/seasidegolftours.se\/wp-content\/uploads\/\/st-andrews-old-course-swilcan-bron-wd.jpg 1024w, https:\/\/seasidegolftours.se\/wp-content\/uploads\/\/st-andrews-old-course-swilcan-bron-wd-600x400.jpg 600w\" sizes=\"(max-width: 300px) 100vw, 300px\" \/><\/div>\n\t\t<\/a>\n\t\t\t\t<div class=\"elementor-post__text\">\n\t\t\t\t<h3 class=\"elementor-post__title\">\n\t\t\t<a href=\"https:\/\/seasidegolftours.se\/en\/spela-old-course\/\" >\n\t\t\t\tSpela Old Course\t\t\t<\/a>\n\t\t<\/h3>\n\t\t\t\t<div class=\"elementor-post__meta-data\">\n\t\t\t\t\t<span class=\"elementor-post-date\">\n\t\t\t2022-03-15\t\t<\/span>\n\t\t\t\t<\/div>\n\t\t\t\t<div class=\"elementor-post__excerpt\">\n\t\t\t<p>Vill ni spela p\u00e5 The Old Course \u2013 t\u00e4nk d\u00e5 p\u00e5 detta! Att spela golf p\u00e5 Old Course i St<\/p>\n\t\t<\/div>\n\t\t\n\t\t<a class=\"elementor-post__read-more\" href=\"https:\/\/seasidegolftours.se\/en\/spela-old-course\/\" aria-label=\"Read more about Spela Old Course\" tabindex=\"-1\" >\n\t\t\tL\u00e4s Mer \u00bb\t\t<\/a>\n\n\t\t\t\t<\/div>\n\t\t\t\t<\/article>\n\t\t\t\t<\/div>\n\t\t\n\t\t\t\t\t\t<\/div>\n\t\t\t\t<\/div>\n\t\t\t\t\t<\/div>\n\t\t<\/div>\n\t\t\t\t\t<\/div>\n\t\t<\/section>\n\t\t\t\t<\/div>","protected":false},"excerpt":{"rendered":"<p>INSPIRATION<\/p>","protected":false},"author":4,"featured_media":249446,"parent":0,"menu_order":0,"comment_status":"closed","ping_status":"closed","template":"elementor_header_footer","meta":{"neve_meta_sidebar":"","neve_meta_container":"","neve_meta_enable_content_width":"","neve_meta_content_width":0,"neve_meta_title_alignment":"","neve_meta_author_avatar":"","neve_post_elements_order":"","neve_meta_disable_header":"","neve_meta_disable_footer":"","neve_meta_disable_title":"","footnotes":""},"class_list":["post-248778","page","type-page","status-publish","has-post-thumbnail","hentry"],"yoast_head":"<!-- This site is optimized with the Yoast SEO plugin v27.4 - https:\/\/yoast.com\/product\/yoast-seo-wordpress\/ -->\n<title>Inspiration - Uppt\u00e4ck v\u00e5r Golf Blogg<\/title>\n<meta name=\"description\" content=\"L\u00e4s mer om popul\u00e4ra golfbanor, hur man bokar The Old Course, vilket whiskey distelleri som \u00e4r b\u00e4st, och mycket mera i v\u00e5r egen blogg.\" \/>\n<meta name=\"robots\" content=\"index, follow, max-snippet:-1, max-image-preview:large, max-video-preview:-1\" \/>\n<link rel=\"canonical\" href=\"https:\/\/seasidegolftours.se\/en\/blogg\/\" \/>\n<meta property=\"og:locale\" content=\"en_GB\" \/>\n<meta property=\"og:type\" content=\"article\" \/>\n<meta property=\"og:title\" content=\"Inspiration - Uppt\u00e4ck v\u00e5r Golf Blogg\" \/>\n<meta property=\"og:description\" content=\"L\u00e4s mer om popul\u00e4ra golfbanor, hur man bokar The Old Course, vilket whiskey distelleri som \u00e4r b\u00e4st, och mycket mera i v\u00e5r egen blogg.\" \/>\n<meta property=\"og:url\" content=\"https:\/\/seasidegolftours.se\/en\/blogg\/\" \/>\n<meta property=\"og:site_name\" content=\"Seaside Golf Tours\" \/>\n<meta property=\"article:publisher\" content=\"https:\/\/www.facebook.com\/seasidegolftourssverige\/\" \/>\n<meta property=\"article:modified_time\" content=\"2025-03-03T13:47:57+00:00\" \/>\n<meta property=\"og:image\" content=\"http:\/\/seasidegolftours.se\/wp-content\/uploads\/ballybunion11baymid-1.jpg\" \/>\n\t<meta property=\"og:image:width\" content=\"1920\" \/>\n\t<meta property=\"og:image:height\" content=\"976\" \/>\n\t<meta property=\"og:image:type\" content=\"image\/jpeg\" \/>\n<meta name=\"twitter:card\" content=\"summary_large_image\" \/>\n<meta name=\"twitter:site\" content=\"@seasidegolftour\" \/>\n<meta name=\"twitter:label1\" content=\"Estimated reading time\" \/>\n\t<meta name=\"twitter:data1\" content=\"2 minutes\" \/>\n<script type=\"application\/ld+json\" class=\"yoast-schema-graph\">{\"@context\":\"https:\\\/\\\/schema.org\",\"@graph\":[{\"@type\":\"WebPage\",\"@id\":\"https:\\\/\\\/seasidegolftours.se\\\/blogg\\\/\",\"url\":\"https:\\\/\\\/seasidegolftours.se\\\/blogg\\\/\",\"name\":\"Inspiration - Uppt\u00e4ck v\u00e5r Golf Blogg\",\"isPartOf\":{\"@id\":\"https:\\\/\\\/seasidegolftours.se\\\/#website\"},\"primaryImageOfPage\":{\"@id\":\"https:\\\/\\\/seasidegolftours.se\\\/blogg\\\/#primaryimage\"},\"image\":{\"@id\":\"https:\\\/\\\/seasidegolftours.se\\\/blogg\\\/#primaryimage\"},\"thumbnailUrl\":\"https:\\\/\\\/seasidegolftours.se\\\/wp-content\\\/uploads\\\/ballybunion11baymid-1.jpg\",\"datePublished\":\"2022-03-15T12:48:47+00:00\",\"dateModified\":\"2025-03-03T13:47:57+00:00\",\"description\":\"L\u00e4s mer om popul\u00e4ra golfbanor, hur man bokar The Old Course, vilket whiskey distelleri som \u00e4r b\u00e4st, och mycket mera i v\u00e5r egen blogg.\",\"breadcrumb\":{\"@id\":\"https:\\\/\\\/seasidegolftours.se\\\/blogg\\\/#breadcrumb\"},\"inLanguage\":\"en-GB\",\"potentialAction\":[{\"@type\":\"ReadAction\",\"target\":[\"https:\\\/\\\/seasidegolftours.se\\\/blogg\\\/\"]}]},{\"@type\":\"ImageObject\",\"inLanguage\":\"en-GB\",\"@id\":\"https:\\\/\\\/seasidegolftours.se\\\/blogg\\\/#primaryimage\",\"url\":\"https:\\\/\\\/seasidegolftours.se\\\/wp-content\\\/uploads\\\/ballybunion11baymid-1.jpg\",\"contentUrl\":\"https:\\\/\\\/seasidegolftours.se\\\/wp-content\\\/uploads\\\/ballybunion11baymid-1.jpg\",\"width\":1920,\"height\":976},{\"@type\":\"BreadcrumbList\",\"@id\":\"https:\\\/\\\/seasidegolftours.se\\\/blogg\\\/#breadcrumb\",\"itemListElement\":[{\"@type\":\"ListItem\",\"position\":1,\"name\":\"Home\",\"item\":\"https:\\\/\\\/seasidegolftours.se\\\/\"},{\"@type\":\"ListItem\",\"position\":2,\"name\":\"Inspiration\"}]},{\"@type\":\"WebSite\",\"@id\":\"https:\\\/\\\/seasidegolftours.se\\\/#website\",\"url\":\"https:\\\/\\\/seasidegolftours.se\\\/\",\"name\":\"Seaside Golf Tours\",\"description\":\"Your Vacation Your Way\",\"publisher\":{\"@id\":\"https:\\\/\\\/seasidegolftours.se\\\/#organization\"},\"potentialAction\":[{\"@type\":\"SearchAction\",\"target\":{\"@type\":\"EntryPoint\",\"urlTemplate\":\"https:\\\/\\\/seasidegolftours.se\\\/?s={search_term_string}\"},\"query-input\":{\"@type\":\"PropertyValueSpecification\",\"valueRequired\":true,\"valueName\":\"search_term_string\"}}],\"inLanguage\":\"en-GB\"},{\"@type\":\"Organization\",\"@id\":\"https:\\\/\\\/seasidegolftours.se\\\/#organization\",\"name\":\"Seaside Golf Tours\",\"url\":\"https:\\\/\\\/seasidegolftours.se\\\/\",\"logo\":{\"@type\":\"ImageObject\",\"inLanguage\":\"en-GB\",\"@id\":\"https:\\\/\\\/seasidegolftours.se\\\/#\\\/schema\\\/logo\\\/image\\\/\",\"url\":\"http:\\\/\\\/seasidegolftours.se\\\/wp-content\\\/uploads\\\/golf-300x105footer.png\",\"contentUrl\":\"http:\\\/\\\/seasidegolftours.se\\\/wp-content\\\/uploads\\\/golf-300x105footer.png\",\"width\":300,\"height\":105,\"caption\":\"Seaside Golf Tours\"},\"image\":{\"@id\":\"https:\\\/\\\/seasidegolftours.se\\\/#\\\/schema\\\/logo\\\/image\\\/\"},\"sameAs\":[\"https:\\\/\\\/www.facebook.com\\\/seasidegolftourssverige\\\/\",\"https:\\\/\\\/x.com\\\/seasidegolftour\",\"https:\\\/\\\/www.instagram.com\\\/seasidegolftours\\\/\"]}]}<\/script>\n<!-- \/ Yoast SEO plugin. -->","yoast_head_json":{"title":"Inspiration - Uppt\u00e4ck v\u00e5r Golf Blogg","description":"L\u00e4s mer om popul\u00e4ra golfbanor, hur man bokar The Old Course, vilket whiskey distelleri som \u00e4r b\u00e4st, och mycket mera i v\u00e5r egen blogg.","robots":{"index":"index","follow":"follow","max-snippet":"max-snippet:-1","max-image-preview":"max-image-preview:large","max-video-preview":"max-video-preview:-1"},"canonical":"https:\/\/seasidegolftours.se\/en\/blogg\/","og_locale":"en_GB","og_type":"article","og_title":"Inspiration - Uppt\u00e4ck v\u00e5r Golf Blogg","og_description":"L\u00e4s mer om popul\u00e4ra golfbanor, hur man bokar The Old Course, vilket whiskey distelleri som \u00e4r b\u00e4st, och mycket mera i v\u00e5r egen blogg.","og_url":"https:\/\/seasidegolftours.se\/en\/blogg\/","og_site_name":"Seaside Golf Tours","article_publisher":"https:\/\/www.facebook.com\/seasidegolftourssverige\/","article_modified_time":"2025-03-03T13:47:57+00:00","og_image":[{"width":1920,"height":976,"url":"http:\/\/seasidegolftours.se\/wp-content\/uploads\/ballybunion11baymid-1.jpg","type":"image\/jpeg"}],"twitter_card":"summary_large_image","twitter_site":"@seasidegolftour","twitter_misc":{"Estimated reading time":"2 minutes"},"schema":{"@context":"https:\/\/schema.org","@graph":[{"@type":"WebPage","@id":"https:\/\/seasidegolftours.se\/blogg\/","url":"https:\/\/seasidegolftours.se\/blogg\/","name":"Inspiration - Uppt\u00e4ck v\u00e5r Golf Blogg","isPartOf":{"@id":"https:\/\/seasidegolftours.se\/#website"},"primaryImageOfPage":{"@id":"https:\/\/seasidegolftours.se\/blogg\/#primaryimage"},"image":{"@id":"https:\/\/seasidegolftours.se\/blogg\/#primaryimage"},"thumbnailUrl":"https:\/\/seasidegolftours.se\/wp-content\/uploads\/ballybunion11baymid-1.jpg","datePublished":"2022-03-15T12:48:47+00:00","dateModified":"2025-03-03T13:47:57+00:00","description":"L\u00e4s mer om popul\u00e4ra golfbanor, hur man bokar The Old Course, vilket whiskey distelleri som \u00e4r b\u00e4st, och mycket mera i v\u00e5r egen blogg.","breadcrumb":{"@id":"https:\/\/seasidegolftours.se\/blogg\/#breadcrumb"},"inLanguage":"en-GB","potentialAction":[{"@type":"ReadAction","target":["https:\/\/seasidegolftours.se\/blogg\/"]}]},{"@type":"ImageObject","inLanguage":"en-GB","@id":"https:\/\/seasidegolftours.se\/blogg\/#primaryimage","url":"https:\/\/seasidegolftours.se\/wp-content\/uploads\/ballybunion11baymid-1.jpg","contentUrl":"https:\/\/seasidegolftours.se\/wp-content\/uploads\/ballybunion11baymid-1.jpg","width":1920,"height":976},{"@type":"BreadcrumbList","@id":"https:\/\/seasidegolftours.se\/blogg\/#breadcrumb","itemListElement":[{"@type":"ListItem","position":1,"name":"Home","item":"https:\/\/seasidegolftours.se\/"},{"@type":"ListItem","position":2,"name":"Inspiration"}]},{"@type":"WebSite","@id":"https:\/\/seasidegolftours.se\/#website","url":"https:\/\/seasidegolftours.se\/","name":"Seaside Golf Tours","description":"Your Vacation Your Way","publisher":{"@id":"https:\/\/seasidegolftours.se\/#organization"},"potentialAction":[{"@type":"SearchAction","target":{"@type":"EntryPoint","urlTemplate":"https:\/\/seasidegolftours.se\/?s={search_term_string}"},"query-input":{"@type":"PropertyValueSpecification","valueRequired":true,"valueName":"search_term_string"}}],"inLanguage":"en-GB"},{"@type":"Organization","@id":"https:\/\/seasidegolftours.se\/#organization","name":"Seaside Golf Tours","url":"https:\/\/seasidegolftours.se\/","logo":{"@type":"ImageObject","inLanguage":"en-GB","@id":"https:\/\/seasidegolftours.se\/#\/schema\/logo\/image\/","url":"http:\/\/seasidegolftours.se\/wp-content\/uploads\/golf-300x105footer.png","contentUrl":"http:\/\/seasidegolftours.se\/wp-content\/uploads\/golf-300x105footer.png","width":300,"height":105,"caption":"Seaside Golf Tours"},"image":{"@id":"https:\/\/seasidegolftours.se\/#\/schema\/logo\/image\/"},"sameAs":["https:\/\/www.facebook.com\/seasidegolftourssverige\/","https:\/\/x.com\/seasidegolftour","https:\/\/www.instagram.com\/seasidegolftours\/"]}]}},"_links":{"self":[{"href":"https:\/\/seasidegolftours.se\/en\/wp-json\/wp\/v2\/pages\/248778","targetHints":{"allow":["GET"]}}],"collection":[{"href":"https:\/\/seasidegolftours.se\/en\/wp-json\/wp\/v2\/pages"}],"about":[{"href":"https:\/\/seasidegolftours.se\/en\/wp-json\/wp\/v2\/types\/page"}],"author":[{"embeddable":true,"href":"https:\/\/seasidegolftours.se\/en\/wp-json\/wp\/v2\/users\/4"}],"replies":[{"embeddable":true,"href":"https:\/\/seasidegolftours.se\/en\/wp-json\/wp\/v2\/comments?post=248778"}],"version-history":[{"count":20,"href":"https:\/\/seasidegolftours.se\/en\/wp-json\/wp\/v2\/pages\/248778\/revisions"}],"predecessor-version":[{"id":251431,"href":"https:\/\/seasidegolftours.se\/en\/wp-json\/wp\/v2\/pages\/248778\/revisions\/251431"}],"wp:featuredmedia":[{"embeddable":true,"href":"https:\/\/seasidegolftours.se\/en\/wp-json\/wp\/v2\/media\/249446"}],"wp:attachment":[{"href":"https:\/\/seasidegolftours.se\/en\/wp-json\/wp\/v2\/media?parent=248778"}],"curies":[{"name":"wp","href":"https:\/\/api.w.org\/{rel}","templated":true}]}}